{"id":124,"date":"2021-11-02T12:02:12","date_gmt":"2021-11-02T12:02:12","guid":{"rendered":"https:\/\/elstranslations.co.uk\/about\/"},"modified":"2022-12-04T14:03:03","modified_gmt":"2022-12-04T14:03:03","slug":"sobre","status":"publish","type":"page","link":"https:\/\/elstranslations.co.uk\/es\/sobre\/","title":{"rendered":"Sobre"},"content":{"rendered":"\n    \n    <section class=\"u-clearfix u-palette-1-base u-section-2\" id=\"sec-564d\">\n      <div class=\"u-clearfix u-sheet u-valign-middle-md u-valign-middle-sm u-valign-middle-xs u-sheet-1\">\n        <div class=\"u-shape u-shape-rectangle u-white u-shape-1\"><\/div>\n        <img decoding=\"async\" src=\"https:\/\/elstranslations.co.uk\/assets\/arlete-moraes-profile-1.jpg\" alt=\"\" class=\"u-image u-image-default u-image-1\" data-image-width=\"1066\" data-image-height=\"1224\">\n        <div class=\"u-container-style u-expanded-width-xs u-group u-white u-group-1\">\n          <div class=\"u-container-layout u-container-layout-1\">\n            <h1 class=\"u-text u-text-1\">Sobre ELS &amp; Arlete Moraes<\/h1>\n            <p class=\"u-text u-text-2\">\n              <span style=\"font-weight: 700;\"><\/span>\n              <span style=\"font-weight: 700;\">\n                <br>Desde 2006, ELS brinda servicios ling\u00fc\u00edsticos en ingl\u00e9s, portugu\u00e9s y espa\u00f1ol <br>Arlete Moraes es traductora e int\u00e9rprete brasile\u00f1a afincada en Inglaterra. Tiene m\u00e1s de 30 a\u00f1os de experiencia viviendo y trabajando en el Reino Unido, Brasil y Espa\u00f1a<br>Es la fundadora de Expression Language Services\n              <\/span>\n            <\/p>\n          <\/div>\n        <\/div>\n      <\/div>\n    <\/section>\n    <section class=\"u-clearfix u-section-3\" id=\"sec-dec2\">\n      <div class=\"u-clearfix u-sheet u-sheet-1\">\n        <p class=\"u-text u-text-default u-text-1\">\n          <span style=\"font-weight: 700;\">Desde su creaci\u00f3n en Londres, ELS brinda servicios de traducci\u00f3n e interpretaci\u00f3n<\/span> para&nbsp;<span style=\"font-weight: 700;\">\n            <span style=\"font-weight: 400;\">empresas, autoridades del Reino Unido, agencias de traducci\u00f3n, particulares,&nbsp; agencias de relaciones p\u00fablicas, bancos minoristas y de inversi\u00f3n, aseguradoras, proveedores de datos financieros, agencias de calificaci\u00f3n, bolsas de valores y universidades del Reino Unido y Espa\u00f1a, por nombrar algunos de nuestros clientes.<\/span>\n            <br>\n            <br>\n          <\/span>\n          <a href=\"https:\/\/www.ciol.org.uk\/translator\/profile\/25962\/36\/1163\" class=\"u-active-none u-border-none u-btn u-button-link u-button-style u-hover-none u-none u-text-palette-1-base u-btn-1\" target=\"_blank\">Como miembro de pleno derecho del Chartered Institute of Linguists<\/a>, \u200bun conocido organismo profesional de idiomas, <span style=\"font-weight: 700;\">Arlete Moraes puede ofrecer traducci\u00f3n certificada o traducci\u00f3n jurada en el Reino Unido<\/span>. <br>\n          <br> A lo largo de su carrera, ha tenido la oportunidad de utilizar sus conocimientos ling\u00fc\u00edsticos en diferentes \u00e1mbitos de inter\u00e9s. <span style=\"font-weight: 700;\">Se<\/span>\n          <span style=\"font-weight: 700;\">&nbsp;ha especializado en los sectores de lo empresarial, financiero y bancario<\/span>.<br>\n          <br>\n          <span style=\"font-weight: 700;\">Trabaj\u00f3 como analista biling\u00fce en el centro financiero de <span style=\"font-weight: 700;\">Londres<\/span>, cubriendo los mercados de habla portuguesa e hispana.\n          <\/span>\n          <br>\n          <br>\n          <span style=\"font-weight: 700;\">Vivi\u00f3 12 a\u00f1os en Espa\u00f1a, donde&nbsp;<\/span>\n          <span style=\"font-weight: 700;\">colabor\u00f3 como traductora financiera para un prestigioso banco espa\u00f1ol. Gestion\u00f3 un equipo de traductores para el D\u00eda del Inversor&nbsp;<\/span>\n          <span style=\"font-weight: 700;\">en Boadilla del Monte, Madrid<\/span>.<br>\n          <br>\n          <span style=\"font-weight: 700;\">Por tanto, ELS puede ofrecer traducciones profesionales.&nbsp;Trabajamos con un equipo de traductores calificados para garantizar que los documentos cumplan con los m\u00e1s altos est\u00e1ndares<\/span>.<br>\n        <\/p>\n      <\/div>\n    <\/section>\n    <section class=\"u-clearfix u-white u-section-4\" id=\"sec-a513\">\n      <div class=\"u-clearfix u-sheet u-sheet-1\">\n        <div class=\"u-clearfix u-expanded-width u-layout-wrap u-layout-wrap-1\">\n          <div class=\"u-layout\">\n            <div class=\"u-layout-row\">\n              <div class=\"u-container-style u-layout-cell u-size-60 u-layout-cell-1\">\n                <div class=\"u-container-layout u-container-layout-1\">\n                  <h2 class=\"u-text u-text-black u-text-default u-text-1\"> Formaci\u00f3n<\/h2>\n                  <ul class=\"u-custom-font u-font-montserrat u-text u-text-black u-text-2\">\n                    <li> Diploma del Chartered Institute of Linguists en Traducci\u00f3n (M\u00e9rito), Nivel de Maestr\u00eda - Reino Unido<br>\n                    <\/li>\n                    <li> Miembro de pleno derecho del Chartered Institute of Linguists (MCIL) \u2013 Reino Unido<\/li>\n                    <li> Diploma de Espa\u00f1ol como Lengua Extranjera (DELE) - Instituto Cervantes \u2013 Espa\u00f1a<\/li>\n                    <li> Licenciada en Traducci\u00f3n en ingl\u00e9s\/portugu\u00e9s - PUC-SP - Brasil<\/li>\n                    <li> Certificado de Competencia en ingl\u00e9s (CPE) \u2013 Reino Unido<\/li>\n                    <li> Principios de Inversi\u00f3n en Bolsas de Valores - London Metropolitan University \u2013 Reino Unido<\/li>\n                  <\/ul>\n                <\/div>\n              <\/div>\n            <\/div>\n          <\/div>\n        <\/div>\n      <\/div>\n    <\/section>\n    <section class=\"u-align-center u-clearfix u-palette-5-light-3 u-section-5\" id=\"sec-66c2\">\n      <div class=\"u-clearfix u-sheet u-sheet-1\">\n        <div class=\"u-clearfix u-expanded-width-lg u-expanded-width-xl u-gutter-0 u-layout-wrap u-layout-wrap-1\">\n          <div class=\"u-layout\" style=\"\">\n            <div class=\"u-layout-row\" style=\"\">\n              <div class=\"u-align-left u-container-style u-image u-layout-cell u-left-cell u-size-30-lg u-size-30-xl u-size-60-md u-size-60-sm u-size-60-xs u-size-xs-60 u-image-1\" src=\"\" data-image-width=\"2560\" data-image-height=\"2048\" style=\"background-image: url(&quot;https:\/\/elstranslations.co.uk\/assets\/arlete-moraes-expression-language-services-scaled-2.jpg&quot;);\">\n                <div class=\"u-container-layout u-valign-middle u-container-layout-1\" src=\"\"><\/div>\n              <\/div>\n              <div class=\"u-align-left u-container-style u-layout-cell u-right-cell u-shape-rectangle u-size-30-lg u-size-30-xl u-size-60-md u-size-60-sm u-size-60-xs u-size-xs-60 u-layout-cell-2\">\n                <div class=\"u-container-layout u-container-layout-2\">\n                  <h2 class=\"u-text u-text-black u-text-default u-text-1\"> \u00bfPor qu\u00e9 elegir ELS?<\/h2>\n                  <p class=\"u-text u-text-default u-text-2\">\n                    <span style=\"font-weight: 700;\"> Confianza <\/span>\n                    <br> Nuestras traducciones son v\u00e1lidas ante las autoridades brit\u00e1nicas y espa\u00f1olas.<br>\n                    <br>\n                    <span style=\"font-weight: 700;\"> Excelencia <\/span>\n                    <br> Contamos con una gran red de profesionales nativos, para as\u00ed garantizar que su mensaje se traslade de forma precisa.<br>\n                    <br>\n                    <span style=\"font-weight: 700;\"> Competencia <\/span>\n                    <br> Nuestros traductores est\u00e1n altamente cualificados en portugu\u00e9s, espa\u00f1ol e ingl\u00e9s.<br>\n                    <br>\n                    <span style=\"font-weight: 700;\"> Especializaci\u00f3n <\/span>\n                    <br> Conocemos los t\u00e9rminos t\u00e9cnicos. Tenemos experiencia profesional en las industrias&nbsp;en las que trabajamos. <br>\n                    <br>\n                    <span style=\"font-weight: 700;\">Enfoque<\/span>\n                    <br> Nos centramos en los mercados <br>que mejor conocemos.&nbsp;<br>\n                  <\/p>\n                <\/div>\n              <\/div>\n            <\/div>\n          <\/div>\n        <\/div>\n      <\/div>\n    <\/section>\n    <section class=\"u-clearfix u-section-6\" id=\"sec-c344\">\n      <div class=\"u-clearfix u-sheet u-sheet-1\">\n        <h2 class=\"u-text u-text-default u-text-1\"> Afiliaci\u00f3n<\/h2>\n        <div class=\"u-clearfix u-layout-wrap u-layout-wrap-1\">\n          <div class=\"u-layout\">\n            <div class=\"u-layout-row\">\n              <div class=\"u-container-style u-layout-cell u-size-30 u-layout-cell-1\">\n                <div class=\"u-container-layout u-container-layout-1\">\n                  <img decoding=\"async\" class=\"u-image u-image-default u-preserve-proportions u-image-1\" src=\"https:\/\/elstranslations.co.uk\/assets\/member-banner-mcil-3.png\" alt=\"\" data-image-width=\"200\" data-image-height=\"50\" data-href=\"https:\/\/www.ciol.org.uk\/translator\/profile\/25962\/36\/1163\" data-target=\"_blank\">\n                <\/div>\n              <\/div>\n              <div class=\"u-container-style u-layout-cell u-size-30 u-layout-cell-2\">\n                <div class=\"u-container-layout u-container-layout-2\">\n                  <img decoding=\"async\" class=\"u-image u-image-default u-preserve-proportions u-image-2\" src=\"https:\/\/elstranslations.co.uk\/assets\/member-logo-mcil-150x150-3-150x150.png\" alt=\"\" data-image-width=\"150\" data-image-height=\"150\" data-href=\"https:\/\/www.ciol.org.uk\/translator\/profile\/25962\/36\/1163\" data-target=\"_blank\">\n                <\/div>\n              <\/div>\n            <\/div>\n          <\/div>\n        <\/div>\n      <\/div>\n    <\/section>\n    \n    \n  \n","protected":false},"excerpt":{"rendered":"<p>Sobre ELS &amp; Arlete Moraes Desde 2006, ELS brinda servicios ling\u00fc\u00edsticos en ingl\u00e9s, portugu\u00e9s y espa\u00f1ol Arlete Moraes es traductora e int\u00e9rprete brasile\u00f1a afincada en Inglaterra. Tiene m\u00e1s de 30 a\u00f1os de experiencia viviendo y trabajando en el Reino Unido, Brasil y Espa\u00f1aEs la fundadora de Expression Language Services Desde su creaci\u00f3n en Londres, ELS &hellip; <a href=\"https:\/\/elstranslations.co.uk\/es\/sobre\/\" class=\"more-link\">Continue reading<span class=\"screen-reader-text\"> \u00abSobre\u00bb<\/span><\/a><\/p>\n","protected":false},"author":1,"featured_media":0,"parent":0,"menu_order":0,"comment_status":"closed","ping_status":"closed","template":"","meta":{"footnotes":""},"class_list":["post-124","page","type-page","status-publish","hentry"],"yoast_head":"<!-- This site is optimized with the Yoast SEO plugin v27.3 - https:\/\/yoast.com\/product\/yoast-seo-wordpress\/ -->\n<title>Sobre | ELS<\/title>\n<meta name=\"robots\" content=\"index, follow, max-snippet:-1, max-image-preview:large, max-video-preview:-1\" \/>\n<link rel=\"canonical\" href=\"https:\/\/elstranslations.co.uk\/es\/sobre\/\" \/>\n<meta property=\"og:locale\" content=\"es_ES\" \/>\n<meta property=\"og:type\" content=\"article\" \/>\n<meta property=\"og:title\" content=\"Sobre | ELS\" \/>\n<meta property=\"og:description\" content=\"Sobre ELS &amp; Arlete Moraes Desde 2006, ELS brinda servicios ling\u00fc\u00edsticos en ingl\u00e9s, portugu\u00e9s y espa\u00f1ol Arlete Moraes es traductora e int\u00e9rprete brasile\u00f1a afincada en Inglaterra. Tiene m\u00e1s de 30 a\u00f1os de experiencia viviendo y trabajando en el Reino Unido, Brasil y Espa\u00f1aEs la fundadora de Expression Language Services Desde su creaci\u00f3n en Londres, ELS &hellip; Continue reading &quot;Sobre&quot;\" \/>\n<meta property=\"og:url\" content=\"https:\/\/elstranslations.co.uk\/es\/sobre\/\" \/>\n<meta property=\"og:site_name\" content=\"ELS\" \/>\n<meta property=\"article:modified_time\" content=\"2022-12-04T14:03:03+00:00\" \/>\n<meta name=\"twitter:card\" content=\"summary_large_image\" \/>\n<meta name=\"twitter:label1\" content=\"Tiempo de lectura\" \/>\n\t<meta name=\"twitter:data1\" content=\"2 minutos\" \/>\n<script type=\"application\/ld+json\" class=\"yoast-schema-graph\">{\"@context\":\"https:\\\/\\\/schema.org\",\"@graph\":[{\"@type\":\"WebPage\",\"@id\":\"https:\\\/\\\/elstranslations.co.uk\\\/es\\\/sobre\\\/\",\"url\":\"https:\\\/\\\/elstranslations.co.uk\\\/es\\\/sobre\\\/\",\"name\":\"Sobre | ELS\",\"isPartOf\":{\"@id\":\"https:\\\/\\\/elstranslations.co.uk\\\/es\\\/#website\"},\"datePublished\":\"2021-11-02T12:02:12+00:00\",\"dateModified\":\"2022-12-04T14:03:03+00:00\",\"breadcrumb\":{\"@id\":\"https:\\\/\\\/elstranslations.co.uk\\\/es\\\/sobre\\\/#breadcrumb\"},\"inLanguage\":\"es\",\"potentialAction\":[{\"@type\":\"ReadAction\",\"target\":[\"https:\\\/\\\/elstranslations.co.uk\\\/es\\\/sobre\\\/\"]}]},{\"@type\":\"BreadcrumbList\",\"@id\":\"https:\\\/\\\/elstranslations.co.uk\\\/es\\\/sobre\\\/#breadcrumb\",\"itemListElement\":[{\"@type\":\"ListItem\",\"position\":1,\"name\":\"Home\",\"item\":\"https:\\\/\\\/elstranslations.co.uk\\\/es\\\/\"},{\"@type\":\"ListItem\",\"position\":2,\"name\":\"Sobre\"}]},{\"@type\":\"WebSite\",\"@id\":\"https:\\\/\\\/elstranslations.co.uk\\\/es\\\/#website\",\"url\":\"https:\\\/\\\/elstranslations.co.uk\\\/es\\\/\",\"name\":\"ELS\",\"description\":\"\",\"potentialAction\":[{\"@type\":\"SearchAction\",\"target\":{\"@type\":\"EntryPoint\",\"urlTemplate\":\"https:\\\/\\\/elstranslations.co.uk\\\/es\\\/?s={search_term_string}\"},\"query-input\":{\"@type\":\"PropertyValueSpecification\",\"valueRequired\":true,\"valueName\":\"search_term_string\"}}],\"inLanguage\":\"es\"}]}<\/script>\n<!-- \/ Yoast SEO plugin. -->","yoast_head_json":{"title":"Sobre | ELS","robots":{"index":"index","follow":"follow","max-snippet":"max-snippet:-1","max-image-preview":"max-image-preview:large","max-video-preview":"max-video-preview:-1"},"canonical":"https:\/\/elstranslations.co.uk\/es\/sobre\/","og_locale":"es_ES","og_type":"article","og_title":"Sobre | ELS","og_description":"Sobre ELS &amp; Arlete Moraes Desde 2006, ELS brinda servicios ling\u00fc\u00edsticos en ingl\u00e9s, portugu\u00e9s y espa\u00f1ol Arlete Moraes es traductora e int\u00e9rprete brasile\u00f1a afincada en Inglaterra. Tiene m\u00e1s de 30 a\u00f1os de experiencia viviendo y trabajando en el Reino Unido, Brasil y Espa\u00f1aEs la fundadora de Expression Language Services Desde su creaci\u00f3n en Londres, ELS &hellip; Continue reading \"Sobre\"","og_url":"https:\/\/elstranslations.co.uk\/es\/sobre\/","og_site_name":"ELS","article_modified_time":"2022-12-04T14:03:03+00:00","twitter_card":"summary_large_image","twitter_misc":{"Tiempo de lectura":"2 minutos"},"schema":{"@context":"https:\/\/schema.org","@graph":[{"@type":"WebPage","@id":"https:\/\/elstranslations.co.uk\/es\/sobre\/","url":"https:\/\/elstranslations.co.uk\/es\/sobre\/","name":"Sobre | ELS","isPartOf":{"@id":"https:\/\/elstranslations.co.uk\/es\/#website"},"datePublished":"2021-11-02T12:02:12+00:00","dateModified":"2022-12-04T14:03:03+00:00","breadcrumb":{"@id":"https:\/\/elstranslations.co.uk\/es\/sobre\/#breadcrumb"},"inLanguage":"es","potentialAction":[{"@type":"ReadAction","target":["https:\/\/elstranslations.co.uk\/es\/sobre\/"]}]},{"@type":"BreadcrumbList","@id":"https:\/\/elstranslations.co.uk\/es\/sobre\/#breadcrumb","itemListElement":[{"@type":"ListItem","position":1,"name":"Home","item":"https:\/\/elstranslations.co.uk\/es\/"},{"@type":"ListItem","position":2,"name":"Sobre"}]},{"@type":"WebSite","@id":"https:\/\/elstranslations.co.uk\/es\/#website","url":"https:\/\/elstranslations.co.uk\/es\/","name":"ELS","description":"","potentialAction":[{"@type":"SearchAction","target":{"@type":"EntryPoint","urlTemplate":"https:\/\/elstranslations.co.uk\/es\/?s={search_term_string}"},"query-input":{"@type":"PropertyValueSpecification","valueRequired":true,"valueName":"search_term_string"}}],"inLanguage":"es"}]}},"_links":{"self":[{"href":"https:\/\/elstranslations.co.uk\/es\/wp-json\/wp\/v2\/pages\/124","targetHints":{"allow":["GET"]}}],"collection":[{"href":"https:\/\/elstranslations.co.uk\/es\/wp-json\/wp\/v2\/pages"}],"about":[{"href":"https:\/\/elstranslations.co.uk\/es\/wp-json\/wp\/v2\/types\/page"}],"author":[{"embeddable":true,"href":"https:\/\/elstranslations.co.uk\/es\/wp-json\/wp\/v2\/users\/1"}],"replies":[{"embeddable":true,"href":"https:\/\/elstranslations.co.uk\/es\/wp-json\/wp\/v2\/comments?post=124"}],"version-history":[{"count":15,"href":"https:\/\/elstranslations.co.uk\/es\/wp-json\/wp\/v2\/pages\/124\/revisions"}],"predecessor-version":[{"id":527,"href":"https:\/\/elstranslations.co.uk\/es\/wp-json\/wp\/v2\/pages\/124\/revisions\/527"}],"wp:attachment":[{"href":"https:\/\/elstranslations.co.uk\/es\/wp-json\/wp\/v2\/media?parent=124"}],"curies":[{"name":"wp","href":"https:\/\/api.w.org\/{rel}","templated":true}]}}