{"id":175,"date":"2021-11-02T12:13:47","date_gmt":"2021-11-02T12:13:47","guid":{"rendered":"https:\/\/elstranslations.co.uk\/financial-business-translations\/"},"modified":"2022-11-30T18:46:16","modified_gmt":"2022-11-30T18:46:16","slug":"traducciones-financieras-y-empresariales","status":"publish","type":"page","link":"https:\/\/elstranslations.co.uk\/es\/traducciones-financieras-y-empresariales\/","title":{"rendered":"Traducci\u00f3n Finanzas"},"content":{"rendered":"\n    \n    <section class=\"u-clearfix u-palette-1-light-1 u-section-2\" id=\"sec-1917\">\n      <div class=\"u-clearfix u-sheet u-valign-middle-md u-valign-middle-sm u-valign-middle-xs u-sheet-1\">\n        <div class=\"u-palette-5-light-2 u-shape u-shape-rectangle u-shape-1\"><\/div>\n        <img decoding=\"async\" src=\"https:\/\/elstranslations.co.uk\/assets\/financial-and-business-translations-2.jpg\" alt=\"\" class=\"u-image u-image-default u-image-1\" data-image-width=\"1066\" data-image-height=\"1224\">\n        <div class=\"u-container-style u-expanded-width-xs u-group u-white u-group-1\">\n          <div class=\"u-container-layout u-container-layout-1\">\n            <h1 class=\"u-text u-text-1\"> Traducci\u00f3n de Finanzas y Comercio<\/h1>\n            <p class=\"u-text u-text-2\">\n              <span style=\"font-weight: 700;\"><\/span>Nuestra <span style=\"font-weight: 700;\">sede est\u00e1 en Inglaterra<\/span>&nbsp;y nos especializamos en <span style=\"font-weight: 700;\">traducciones financieras y empresariales del ingl\u00e9s y el espa\u00f1ol al portugu\u00e9s de Brasil<\/span>.<br>Tenemos un profundo conocimiento y comprensi\u00f3n de la documentaci\u00f3n, la normativa y la terminolog\u00eda necesarias para hacer traducciones de gran calidad.<br>\n            <\/p>\n          <\/div>\n        <\/div>\n      <\/div>\n    <\/section>\n    <section class=\"u-clearfix u-section-3\" id=\"sec-b6c1\">\n      <div class=\"u-clearfix u-sheet u-sheet-1\">\n        <p class=\"u-text u-text-default u-text-1\"> Cuando se trata de traducciones financieras y empresariales, es fundamental conocer y comprender a fondo la documentaci\u00f3n, la normativa y la terminolog\u00eda del idioma de destino. <br>\n          <br> Nuestra fundadora y directora, <span style=\"font-weight: 700;\">Arlete Moraes<\/span>, \u200badem\u00e1s de ser una ling\u00fcista cualificada, <span style=\"font-weight: 700;\"><\/span><b>tiene experiencia en el\nsector empresarial, financiero y bancario. Ha trabajado como analista biling\u00fce en\nel centro financiero de Londres, cubriendo los mercados de habla portuguesa e\nhispana<\/b>. Adem\u00e1s, <b>ha colaborado como traductora\nfinanciera aut\u00f3noma para uno de los principales bancos espa\u00f1oles en Madrid<\/b>. \u200bPor tanto, conoce la jerga y ofrece traducciones altamente precisas que cumplen con los est\u00e1ndares de la industria en Brasil. <br>\n          <br> Respaldada por dicha experiencia, ELS ofrece servicios tanto a particulares como a empresas para atender sus necesidades de traducci\u00f3n del ingl\u00e9s y el espa\u00f1ol al portugu\u00e9s de Brasil. En el caso de proyectos m\u00e1s grandes, colaboramos con un equipo de traductores expertos para garantizar que los documentos cumplan con los m\u00e1s altos est\u00e1ndares.<br>&nbsp;<br> Podemos adaptar nuestros servicios a la medida de nuestros clientes. Utilizamos memorias de traducci\u00f3n, gu\u00edas de estilo, glosarios, manuales de referencia y otros materiales para garantizar la coherencia. Tambi\u00e9n realizamos controles de calidad por parte de otro ling\u00fcista para cumplir todos los requisitos de calidad y precisi\u00f3n del cliente.<br>\n          <br>\n          <span style=\"font-weight: 700;\">Nos especializamos en<\/span>:<br>\n          <br>Mercados de capitales, econom\u00eda, banca, comunicaciones de relaciones con el inversor, estados financieros, comunicados de prensa, anuncios de empresas, notificaciones a accionistas, informes, presentaciones, gu\u00edas corporativas, comunicaci\u00f3n interna y mucho m\u00e1s.&nbsp;<br>\n        <\/p>\n      <\/div>\n    <\/section>\n    <section class=\"u-clearfix u-color-scheme-u10 u-color-style-multicolor-1 u-palette-1-light-1 u-section-4\" id=\"sec-b90c\">\n      <div class=\"u-clearfix u-sheet u-sheet-1\">\n        <div class=\"u-clearfix u-expanded-width u-layout-wrap u-layout-wrap-1\">\n          <div class=\"u-layout\">\n            <div class=\"u-layout-row\">\n              <div class=\"u-align-left u-container-style u-layout-cell u-left-cell u-size-42 u-layout-cell-1\">\n                <div class=\"u-container-layout u-valign-middle u-container-layout-1\">\n                  <h3 class=\"u-custom-font u-font-ubuntu u-text u-text-body-alt-color u-text-1\"> \u00bfLE INTERESA? HABLEMOS.<\/h3>\n                <\/div>\n              <\/div>\n              <div class=\"u-align-left u-container-style u-layout-cell u-right-cell u-size-18 u-layout-cell-2\">\n                <div class=\"u-container-layout u-valign-middle u-container-layout-2\">\n                  <a href=\"https:\/\/elstranslations.co.uk\/es\/contactenos\/\" class=\"u-border-2 u-border-white u-btn u-button-style u-btn-1\">CONT\u00c1CTENOS<\/a>\n                <\/div>\n              <\/div>\n            <\/div>\n          <\/div>\n        <\/div>\n      <\/div>\n    <\/section>\n    \n    \n  \n","protected":false},"excerpt":{"rendered":"<p>Traducci\u00f3n de Finanzas y Comercio Nuestra sede est\u00e1 en Inglaterra&nbsp;y nos especializamos en traducciones financieras y empresariales del ingl\u00e9s y el espa\u00f1ol al portugu\u00e9s de Brasil.Tenemos un profundo conocimiento y comprensi\u00f3n de la documentaci\u00f3n, la normativa y la terminolog\u00eda necesarias para hacer traducciones de gran calidad. Cuando se trata de traducciones financieras y empresariales, es &hellip; <a href=\"https:\/\/elstranslations.co.uk\/es\/traducciones-financieras-y-empresariales\/\" class=\"more-link\">Continue reading<span class=\"screen-reader-text\"> \u00abTraducci\u00f3n Finanzas\u00bb<\/span><\/a><\/p>\n","protected":false},"author":1,"featured_media":0,"parent":0,"menu_order":0,"comment_status":"closed","ping_status":"closed","template":"","meta":{"footnotes":""},"class_list":["post-175","page","type-page","status-publish","hentry"],"yoast_head":"<!-- This site is optimized with the Yoast SEO plugin v27.3 - https:\/\/yoast.com\/product\/yoast-seo-wordpress\/ -->\n<title>Traducci\u00f3n Finanzas | ELS<\/title>\n<meta name=\"robots\" content=\"index, follow, max-snippet:-1, max-image-preview:large, max-video-preview:-1\" \/>\n<link rel=\"canonical\" href=\"https:\/\/elstranslations.co.uk\/es\/traducciones-financieras-y-empresariales\/\" \/>\n<meta property=\"og:locale\" content=\"es_ES\" \/>\n<meta property=\"og:type\" content=\"article\" \/>\n<meta property=\"og:title\" content=\"Traducci\u00f3n Finanzas | ELS\" \/>\n<meta property=\"og:description\" content=\"Traducci\u00f3n de Finanzas y Comercio Nuestra sede est\u00e1 en Inglaterra&nbsp;y nos especializamos en traducciones financieras y empresariales del ingl\u00e9s y el espa\u00f1ol al portugu\u00e9s de Brasil.Tenemos un profundo conocimiento y comprensi\u00f3n de la documentaci\u00f3n, la normativa y la terminolog\u00eda necesarias para hacer traducciones de gran calidad. Cuando se trata de traducciones financieras y empresariales, es &hellip; Continue reading &quot;Traducci\u00f3n Finanzas&quot;\" \/>\n<meta property=\"og:url\" content=\"https:\/\/elstranslations.co.uk\/es\/traducciones-financieras-y-empresariales\/\" \/>\n<meta property=\"og:site_name\" content=\"ELS\" \/>\n<meta property=\"article:modified_time\" content=\"2022-11-30T18:46:16+00:00\" \/>\n<meta name=\"twitter:card\" content=\"summary_large_image\" \/>\n<meta name=\"twitter:label1\" content=\"Tiempo de lectura\" \/>\n\t<meta name=\"twitter:data1\" content=\"2 minutos\" \/>\n<script type=\"application\/ld+json\" class=\"yoast-schema-graph\">{\"@context\":\"https:\\\/\\\/schema.org\",\"@graph\":[{\"@type\":\"WebPage\",\"@id\":\"https:\\\/\\\/elstranslations.co.uk\\\/es\\\/traducciones-financieras-y-empresariales\\\/\",\"url\":\"https:\\\/\\\/elstranslations.co.uk\\\/es\\\/traducciones-financieras-y-empresariales\\\/\",\"name\":\"Traducci\u00f3n Finanzas | ELS\",\"isPartOf\":{\"@id\":\"https:\\\/\\\/elstranslations.co.uk\\\/es\\\/#website\"},\"datePublished\":\"2021-11-02T12:13:47+00:00\",\"dateModified\":\"2022-11-30T18:46:16+00:00\",\"breadcrumb\":{\"@id\":\"https:\\\/\\\/elstranslations.co.uk\\\/es\\\/traducciones-financieras-y-empresariales\\\/#breadcrumb\"},\"inLanguage\":\"es\",\"potentialAction\":[{\"@type\":\"ReadAction\",\"target\":[\"https:\\\/\\\/elstranslations.co.uk\\\/es\\\/traducciones-financieras-y-empresariales\\\/\"]}]},{\"@type\":\"BreadcrumbList\",\"@id\":\"https:\\\/\\\/elstranslations.co.uk\\\/es\\\/traducciones-financieras-y-empresariales\\\/#breadcrumb\",\"itemListElement\":[{\"@type\":\"ListItem\",\"position\":1,\"name\":\"Home\",\"item\":\"https:\\\/\\\/elstranslations.co.uk\\\/es\\\/\"},{\"@type\":\"ListItem\",\"position\":2,\"name\":\"Traducci\u00f3n Finanzas\"}]},{\"@type\":\"WebSite\",\"@id\":\"https:\\\/\\\/elstranslations.co.uk\\\/es\\\/#website\",\"url\":\"https:\\\/\\\/elstranslations.co.uk\\\/es\\\/\",\"name\":\"ELS\",\"description\":\"\",\"potentialAction\":[{\"@type\":\"SearchAction\",\"target\":{\"@type\":\"EntryPoint\",\"urlTemplate\":\"https:\\\/\\\/elstranslations.co.uk\\\/es\\\/?s={search_term_string}\"},\"query-input\":{\"@type\":\"PropertyValueSpecification\",\"valueRequired\":true,\"valueName\":\"search_term_string\"}}],\"inLanguage\":\"es\"}]}<\/script>\n<!-- \/ Yoast SEO plugin. -->","yoast_head_json":{"title":"Traducci\u00f3n Finanzas | ELS","robots":{"index":"index","follow":"follow","max-snippet":"max-snippet:-1","max-image-preview":"max-image-preview:large","max-video-preview":"max-video-preview:-1"},"canonical":"https:\/\/elstranslations.co.uk\/es\/traducciones-financieras-y-empresariales\/","og_locale":"es_ES","og_type":"article","og_title":"Traducci\u00f3n Finanzas | ELS","og_description":"Traducci\u00f3n de Finanzas y Comercio Nuestra sede est\u00e1 en Inglaterra&nbsp;y nos especializamos en traducciones financieras y empresariales del ingl\u00e9s y el espa\u00f1ol al portugu\u00e9s de Brasil.Tenemos un profundo conocimiento y comprensi\u00f3n de la documentaci\u00f3n, la normativa y la terminolog\u00eda necesarias para hacer traducciones de gran calidad. Cuando se trata de traducciones financieras y empresariales, es &hellip; Continue reading \"Traducci\u00f3n Finanzas\"","og_url":"https:\/\/elstranslations.co.uk\/es\/traducciones-financieras-y-empresariales\/","og_site_name":"ELS","article_modified_time":"2022-11-30T18:46:16+00:00","twitter_card":"summary_large_image","twitter_misc":{"Tiempo de lectura":"2 minutos"},"schema":{"@context":"https:\/\/schema.org","@graph":[{"@type":"WebPage","@id":"https:\/\/elstranslations.co.uk\/es\/traducciones-financieras-y-empresariales\/","url":"https:\/\/elstranslations.co.uk\/es\/traducciones-financieras-y-empresariales\/","name":"Traducci\u00f3n Finanzas | ELS","isPartOf":{"@id":"https:\/\/elstranslations.co.uk\/es\/#website"},"datePublished":"2021-11-02T12:13:47+00:00","dateModified":"2022-11-30T18:46:16+00:00","breadcrumb":{"@id":"https:\/\/elstranslations.co.uk\/es\/traducciones-financieras-y-empresariales\/#breadcrumb"},"inLanguage":"es","potentialAction":[{"@type":"ReadAction","target":["https:\/\/elstranslations.co.uk\/es\/traducciones-financieras-y-empresariales\/"]}]},{"@type":"BreadcrumbList","@id":"https:\/\/elstranslations.co.uk\/es\/traducciones-financieras-y-empresariales\/#breadcrumb","itemListElement":[{"@type":"ListItem","position":1,"name":"Home","item":"https:\/\/elstranslations.co.uk\/es\/"},{"@type":"ListItem","position":2,"name":"Traducci\u00f3n Finanzas"}]},{"@type":"WebSite","@id":"https:\/\/elstranslations.co.uk\/es\/#website","url":"https:\/\/elstranslations.co.uk\/es\/","name":"ELS","description":"","potentialAction":[{"@type":"SearchAction","target":{"@type":"EntryPoint","urlTemplate":"https:\/\/elstranslations.co.uk\/es\/?s={search_term_string}"},"query-input":{"@type":"PropertyValueSpecification","valueRequired":true,"valueName":"search_term_string"}}],"inLanguage":"es"}]}},"_links":{"self":[{"href":"https:\/\/elstranslations.co.uk\/es\/wp-json\/wp\/v2\/pages\/175","targetHints":{"allow":["GET"]}}],"collection":[{"href":"https:\/\/elstranslations.co.uk\/es\/wp-json\/wp\/v2\/pages"}],"about":[{"href":"https:\/\/elstranslations.co.uk\/es\/wp-json\/wp\/v2\/types\/page"}],"author":[{"embeddable":true,"href":"https:\/\/elstranslations.co.uk\/es\/wp-json\/wp\/v2\/users\/1"}],"replies":[{"embeddable":true,"href":"https:\/\/elstranslations.co.uk\/es\/wp-json\/wp\/v2\/comments?post=175"}],"version-history":[{"count":7,"href":"https:\/\/elstranslations.co.uk\/es\/wp-json\/wp\/v2\/pages\/175\/revisions"}],"predecessor-version":[{"id":443,"href":"https:\/\/elstranslations.co.uk\/es\/wp-json\/wp\/v2\/pages\/175\/revisions\/443"}],"wp:attachment":[{"href":"https:\/\/elstranslations.co.uk\/es\/wp-json\/wp\/v2\/media?parent=175"}],"curies":[{"name":"wp","href":"https:\/\/api.w.org\/{rel}","templated":true}]}}