{"id":213,"date":"2021-11-02T13:08:23","date_gmt":"2021-11-02T13:08:23","guid":{"rendered":"https:\/\/elstranslations.co.uk\/privacy-policy\/"},"modified":"2021-11-02T15:12:39","modified_gmt":"2021-11-02T15:12:39","slug":"politica-de-privacidad","status":"publish","type":"page","link":"https:\/\/elstranslations.co.uk\/es\/politica-de-privacidad\/","title":{"rendered":"Pol\u00edtica de Privacidad"},"content":{"rendered":"\n    \n    <section class=\"u-clearfix u-palette-1-base u-section-2\" id=\"sec-0178\">\n      <div class=\"u-clearfix u-sheet u-sheet-1\">\n        <h1 class=\"u-align-center u-text u-text-default u-text-1\"> Pol\u00edtica de Privacidad<\/h1>\n      <\/div>\n    <\/section>\n    <section class=\"u-clearfix u-section-3\" id=\"sec-53ee\">\n      <div class=\"u-clearfix u-sheet u-sheet-1\">\n        <h2 class=\"u-text u-text-body-color u-text-default u-text-1\">Expression Language Services \u2013 ELS <\/h2>\n        <p class=\"u-text u-text-2\"> EXPRESSION LANGUAGE SERVICES \u2013 ELS es el nombre comercial de ARLETE MORAES.&nbsp;Nos comprometemos a mantener la confianza de los visitantes de nuestro sitio web, as\u00ed como de nuestros clientes, colaboradores y proveedores. Esta pol\u00edtica de privacidad describe cu\u00e1ndo, qu\u00e9 y por qu\u00e9 recogemos datos personales, c\u00f3mo los utilizamos, las condiciones limitadas en las que podemos revelarlos a terceros y c\u00f3mo los mantenemos seguros.&nbsp;<br>\n        <\/p>\n        <h2 class=\"u-text u-text-body-color u-text-default u-text-3\"> Cookies<\/h2>\n        <p class=\"u-text u-text-4\"> Al igual que la mayor\u00eda de los sitios web, este sitio tambi\u00e9n utiliza cookies para recopilar datos. Las cookies son peque\u00f1os archivos de datos que se colocan en su ordenador (PC, smartphones o tabletas) mientras navega. Se utilizan para recordar cu\u00e1ndo su ordenador o dispositivo accede a este sitio web, ayud\u00e1ndole a funcionar correctamente y a mejorar su experiencia de usuario. Los datos recogidos incluyen las p\u00e1ginas visitadas y su recorrido por el sitio web. Estas cookies no se utilizan para recoger o registrar datos sobre su nombre, direcci\u00f3n u otros datos de contacto. Puede desactivar el uso de cookies cambiando la configuraci\u00f3n de su navegador para que las rechace.<\/p>\n        <h2 class=\"u-text u-text-body-color u-text-default u-text-5\"> Funcionalidades de las redes sociales<\/h2>\n        <p class=\"u-text u-text-6\"> Este sitio tambi\u00e9n incluye funciones de redes sociales, como botones para compartir informaci\u00f3n o \"me gusta\". Estas funciones las ponen a disposici\u00f3n las propias plataformas de medios sociales de terceros. Cuando y si se recogen datos de esta manera, su tratamiento se rige por la pol\u00edtica de privacidad de la respectiva plataforma de redes sociales.<\/p>\n      <\/div>\n    <\/section>\n    <section class=\"u-clearfix u-section-4\" id=\"sec-d74f\">\n      <div class=\"u-clearfix u-sheet u-sheet-1\">\n        <h2 class=\"u-text u-text-body-color u-text-default u-text-1\"> \u00bfPor qu\u00e9 tratamos sus datos personales?<\/h2>\n        <p class=\"u-text u-text-2\"> Recogemos, almacenamos y utilizamos sus datos personales para prestar nuestros servicios.&nbsp;En concreto, sus datos pueden utilizarse para los siguientes fines:&nbsp;<br>\n        <\/p>\n        <ul class=\"u-text u-text-3\">\n          <li> Para proporcionar un presupuesto;<\/li>\n          <li>Para proporcionarle servicios de traducci\u00f3n y\/o interpretaci\u00f3n y\/o otros servicios ling\u00fc\u00edsticos que solicite;<\/li>\n          <li>Para mantener los registros internos;<\/li>\n          <li>Para ponernos en contacto con usted en respuesta a una consulta espec\u00edfica;<\/li>\n          <li>Para emitir facturas; y<\/li>\n          <li>Para cumplir con los requisitos legales.<\/li>\n        <\/ul>\n        <p class=\"u-text u-text-4\"> Los datos personales recogidos pueden incluir:<\/p>\n        <ul class=\"u-text u-text-5\">\n          <li> Su nombre, direcci\u00f3n postal y puesto de trabajo;<\/li>\n          <li>Sus datos de contacto, como la direcci\u00f3n de correo electr\u00f3nico y el n\u00famero de tel\u00e9fono; y<\/li>\n          <li>Cualquier otro dato que proporcione en los documentos.<\/li>\n        <\/ul>\n      <\/div>\n    <\/section>\n    <section class=\"u-clearfix u-section-5\" id=\"sec-84e4\">\n      <div class=\"u-clearfix u-sheet u-sheet-1\">\n        <h2 class=\"u-text u-text-body-color u-text-default u-text-1\"> \u00bfQui\u00e9n m\u00e1s recibe sus datos personales?<\/h2>\n        <p class=\"u-text u-text-2\"> Si enviamos el texto para su traducci\u00f3n, correcci\u00f3n o edici\u00f3n a un colaborador externo, este tendr\u00e1 que firmar un acuerdo de no divulgaci\u00f3n con EXPRESSION LANGUAGE SERVICES \u2013 ELS y cumplir con el GDPR.&nbsp;Para fines administrativos, otras partes pueden tener acceso a sus datos personales, incluyendo nuestro sitio web y los servicios de alojamiento de correo electr\u00f3nico. Todas estas partes cumplen con el GDPR.&nbsp;<br>\n        <\/p>\n        <h2 class=\"u-text u-text-body-color u-text-default u-text-3\"> Sus derechos de acceso a los datos <\/h2>\n        <p class=\"u-text u-text-4\"> Tiene derecho a ver, modificar o eliminar los datos personales que disponemos. Env\u00ede su solicitud directamente por correo electr\u00f3nico, y nos encargaremos de ello lo antes posible.<\/p>\n        <h2 class=\"u-text u-text-body-color u-text-default u-text-5\"> Su derecho a reclamar<\/h2>\n        <p class=\"u-text u-text-6\"> Si tiene alguna pregunta sobre el tratamiento de sus datos personales, p\u00f3ngase en contacto con nosotros.<\/p>\n      <\/div>\n    <\/section>\n    \n    \n  \n","protected":false},"excerpt":{"rendered":"<p>Pol\u00edtica de Privacidad Expression Language Services \u2013 ELS EXPRESSION LANGUAGE SERVICES \u2013 ELS es el nombre comercial de ARLETE MORAES.&nbsp;Nos comprometemos a mantener la confianza de los visitantes de nuestro sitio web, as\u00ed como de nuestros clientes, colaboradores y proveedores. Esta pol\u00edtica de privacidad describe cu\u00e1ndo, qu\u00e9 y por qu\u00e9 recogemos datos personales, c\u00f3mo los &hellip; <a href=\"https:\/\/elstranslations.co.uk\/es\/politica-de-privacidad\/\" class=\"more-link\">Continue reading<span class=\"screen-reader-text\"> \u00abPol\u00edtica de Privacidad\u00bb<\/span><\/a><\/p>\n","protected":false},"author":1,"featured_media":0,"parent":0,"menu_order":0,"comment_status":"closed","ping_status":"closed","template":"","meta":{"footnotes":""},"class_list":["post-213","page","type-page","status-publish","hentry"],"yoast_head":"<!-- This site is optimized with the Yoast SEO plugin v27.3 - https:\/\/yoast.com\/product\/yoast-seo-wordpress\/ -->\n<title>Pol\u00edtica de Privacidad | ELS<\/title>\n<meta name=\"robots\" content=\"index, follow, max-snippet:-1, max-image-preview:large, max-video-preview:-1\" \/>\n<link rel=\"canonical\" href=\"https:\/\/elstranslations.co.uk\/es\/politica-de-privacidad\/\" \/>\n<meta property=\"og:locale\" content=\"es_ES\" \/>\n<meta property=\"og:type\" content=\"article\" \/>\n<meta property=\"og:title\" content=\"Pol\u00edtica de Privacidad | ELS\" \/>\n<meta property=\"og:description\" content=\"Pol\u00edtica de Privacidad Expression Language Services \u2013 ELS EXPRESSION LANGUAGE SERVICES \u2013 ELS es el nombre comercial de ARLETE MORAES.&nbsp;Nos comprometemos a mantener la confianza de los visitantes de nuestro sitio web, as\u00ed como de nuestros clientes, colaboradores y proveedores. Esta pol\u00edtica de privacidad describe cu\u00e1ndo, qu\u00e9 y por qu\u00e9 recogemos datos personales, c\u00f3mo los &hellip; Continue reading &quot;Pol\u00edtica de Privacidad&quot;\" \/>\n<meta property=\"og:url\" content=\"https:\/\/elstranslations.co.uk\/es\/politica-de-privacidad\/\" \/>\n<meta property=\"og:site_name\" content=\"ELS\" \/>\n<meta property=\"article:modified_time\" content=\"2021-11-02T15:12:39+00:00\" \/>\n<meta name=\"twitter:card\" content=\"summary_large_image\" \/>\n<meta name=\"twitter:label1\" content=\"Tiempo de lectura\" \/>\n\t<meta name=\"twitter:data1\" content=\"3 minutos\" \/>\n<script type=\"application\/ld+json\" class=\"yoast-schema-graph\">{\"@context\":\"https:\\\/\\\/schema.org\",\"@graph\":[{\"@type\":\"WebPage\",\"@id\":\"https:\\\/\\\/elstranslations.co.uk\\\/es\\\/politica-de-privacidad\\\/\",\"url\":\"https:\\\/\\\/elstranslations.co.uk\\\/es\\\/politica-de-privacidad\\\/\",\"name\":\"Pol\u00edtica de Privacidad | ELS\",\"isPartOf\":{\"@id\":\"https:\\\/\\\/elstranslations.co.uk\\\/es\\\/#website\"},\"datePublished\":\"2021-11-02T13:08:23+00:00\",\"dateModified\":\"2021-11-02T15:12:39+00:00\",\"breadcrumb\":{\"@id\":\"https:\\\/\\\/elstranslations.co.uk\\\/es\\\/politica-de-privacidad\\\/#breadcrumb\"},\"inLanguage\":\"es\",\"potentialAction\":[{\"@type\":\"ReadAction\",\"target\":[\"https:\\\/\\\/elstranslations.co.uk\\\/es\\\/politica-de-privacidad\\\/\"]}]},{\"@type\":\"BreadcrumbList\",\"@id\":\"https:\\\/\\\/elstranslations.co.uk\\\/es\\\/politica-de-privacidad\\\/#breadcrumb\",\"itemListElement\":[{\"@type\":\"ListItem\",\"position\":1,\"name\":\"Home\",\"item\":\"https:\\\/\\\/elstranslations.co.uk\\\/es\\\/\"},{\"@type\":\"ListItem\",\"position\":2,\"name\":\"Pol\u00edtica de Privacidad\"}]},{\"@type\":\"WebSite\",\"@id\":\"https:\\\/\\\/elstranslations.co.uk\\\/es\\\/#website\",\"url\":\"https:\\\/\\\/elstranslations.co.uk\\\/es\\\/\",\"name\":\"ELS\",\"description\":\"\",\"potentialAction\":[{\"@type\":\"SearchAction\",\"target\":{\"@type\":\"EntryPoint\",\"urlTemplate\":\"https:\\\/\\\/elstranslations.co.uk\\\/es\\\/?s={search_term_string}\"},\"query-input\":{\"@type\":\"PropertyValueSpecification\",\"valueRequired\":true,\"valueName\":\"search_term_string\"}}],\"inLanguage\":\"es\"}]}<\/script>\n<!-- \/ Yoast SEO plugin. -->","yoast_head_json":{"title":"Pol\u00edtica de Privacidad | ELS","robots":{"index":"index","follow":"follow","max-snippet":"max-snippet:-1","max-image-preview":"max-image-preview:large","max-video-preview":"max-video-preview:-1"},"canonical":"https:\/\/elstranslations.co.uk\/es\/politica-de-privacidad\/","og_locale":"es_ES","og_type":"article","og_title":"Pol\u00edtica de Privacidad | ELS","og_description":"Pol\u00edtica de Privacidad Expression Language Services \u2013 ELS EXPRESSION LANGUAGE SERVICES \u2013 ELS es el nombre comercial de ARLETE MORAES.&nbsp;Nos comprometemos a mantener la confianza de los visitantes de nuestro sitio web, as\u00ed como de nuestros clientes, colaboradores y proveedores. Esta pol\u00edtica de privacidad describe cu\u00e1ndo, qu\u00e9 y por qu\u00e9 recogemos datos personales, c\u00f3mo los &hellip; Continue reading \"Pol\u00edtica de Privacidad\"","og_url":"https:\/\/elstranslations.co.uk\/es\/politica-de-privacidad\/","og_site_name":"ELS","article_modified_time":"2021-11-02T15:12:39+00:00","twitter_card":"summary_large_image","twitter_misc":{"Tiempo de lectura":"3 minutos"},"schema":{"@context":"https:\/\/schema.org","@graph":[{"@type":"WebPage","@id":"https:\/\/elstranslations.co.uk\/es\/politica-de-privacidad\/","url":"https:\/\/elstranslations.co.uk\/es\/politica-de-privacidad\/","name":"Pol\u00edtica de Privacidad | ELS","isPartOf":{"@id":"https:\/\/elstranslations.co.uk\/es\/#website"},"datePublished":"2021-11-02T13:08:23+00:00","dateModified":"2021-11-02T15:12:39+00:00","breadcrumb":{"@id":"https:\/\/elstranslations.co.uk\/es\/politica-de-privacidad\/#breadcrumb"},"inLanguage":"es","potentialAction":[{"@type":"ReadAction","target":["https:\/\/elstranslations.co.uk\/es\/politica-de-privacidad\/"]}]},{"@type":"BreadcrumbList","@id":"https:\/\/elstranslations.co.uk\/es\/politica-de-privacidad\/#breadcrumb","itemListElement":[{"@type":"ListItem","position":1,"name":"Home","item":"https:\/\/elstranslations.co.uk\/es\/"},{"@type":"ListItem","position":2,"name":"Pol\u00edtica de Privacidad"}]},{"@type":"WebSite","@id":"https:\/\/elstranslations.co.uk\/es\/#website","url":"https:\/\/elstranslations.co.uk\/es\/","name":"ELS","description":"","potentialAction":[{"@type":"SearchAction","target":{"@type":"EntryPoint","urlTemplate":"https:\/\/elstranslations.co.uk\/es\/?s={search_term_string}"},"query-input":{"@type":"PropertyValueSpecification","valueRequired":true,"valueName":"search_term_string"}}],"inLanguage":"es"}]}},"_links":{"self":[{"href":"https:\/\/elstranslations.co.uk\/es\/wp-json\/wp\/v2\/pages\/213","targetHints":{"allow":["GET"]}}],"collection":[{"href":"https:\/\/elstranslations.co.uk\/es\/wp-json\/wp\/v2\/pages"}],"about":[{"href":"https:\/\/elstranslations.co.uk\/es\/wp-json\/wp\/v2\/types\/page"}],"author":[{"embeddable":true,"href":"https:\/\/elstranslations.co.uk\/es\/wp-json\/wp\/v2\/users\/1"}],"replies":[{"embeddable":true,"href":"https:\/\/elstranslations.co.uk\/es\/wp-json\/wp\/v2\/comments?post=213"}],"version-history":[{"count":2,"href":"https:\/\/elstranslations.co.uk\/es\/wp-json\/wp\/v2\/pages\/213\/revisions"}],"predecessor-version":[{"id":217,"href":"https:\/\/elstranslations.co.uk\/es\/wp-json\/wp\/v2\/pages\/213\/revisions\/217"}],"wp:attachment":[{"href":"https:\/\/elstranslations.co.uk\/es\/wp-json\/wp\/v2\/media?parent=213"}],"curies":[{"name":"wp","href":"https:\/\/api.w.org\/{rel}","templated":true}]}}