{"id":159,"date":"2021-11-02T12:02:12","date_gmt":"2021-11-02T12:02:12","guid":{"rendered":"https:\/\/elstranslations.co.uk\/about\/"},"modified":"2024-02-17T09:46:13","modified_gmt":"2024-02-17T09:46:13","slug":"sobre","status":"publish","type":"page","link":"https:\/\/elstranslations.co.uk\/pt-br\/sobre\/","title":{"rendered":"Sobre"},"content":{"rendered":"\n    \n    <section class=\"u-clearfix u-palette-1-base u-section-2\" id=\"sec-ed1a\">\n      <div class=\"u-clearfix u-sheet u-valign-middle-md u-valign-middle-sm u-valign-middle-xs u-sheet-1\">\n        <div class=\"u-shape u-shape-rectangle u-white u-shape-1\"><\/div>\n        <img decoding=\"async\" src=\"https:\/\/elstranslations.co.uk\/assets\/arlete-moraes-profile-2.jpg\" alt=\"\" class=\"u-image u-image-default u-image-1\" data-image-width=\"1066\" data-image-height=\"1224\">\n        <div class=\"u-container-style u-expanded-width-xs u-group u-white u-group-1\">\n          <div class=\"u-container-layout u-container-layout-1\">\n            <h1 class=\"u-text u-text-1\"> Sobre a ELS &amp; Arlete Moraes<\/h1>\n            <p class=\"u-text u-text-2\">\n              <span style=\"font-weight: 700;\"><\/span>\n              <span style=\"font-weight: 700;\">\n                <br>&nbsp;A ELS fornece servi\u00e7os lingu\u00edsticos<span style=\"font-weight: 400;\">&nbsp;<\/span>em ingl\u00eas, portugu\u00eas e espanhol desde 2006\n              <\/span>&nbsp;<br>\n              <span style=\"font-weight: 700;\">Arlete Moraes \u00e9 tradutora e int\u00e9rprete brasileira radicada na Inglaterra. Possui<\/span>\n              <span style=\"font-weight: 700;\">&nbsp;mais de 30 anos de experi\u00eancia<\/span>\n              <span style=\"font-weight: 700;\">profissional e viv\u00eancia no Reino Unido, Brasil e Espanha<\/span>\n              <br>\n              <span style=\"font-weight: 700;\">Arlete \u00e9&nbsp;<\/span>\n              <span style=\"font-weight: 700;\">a fundadadora da Expression Language Services<\/span>\n            <\/p>\n          <\/div>\n        <\/div>\n      <\/div>\n    <\/section>\n    <section class=\"u-clearfix u-section-3\" id=\"sec-646d\">\n      <div class=\"u-clearfix u-sheet u-valign-middle u-sheet-1\">\n        <p class=\"u-text u-text-default u-text-1\">\n          <span style=\"font-weight: 700;\"><\/span>\n          <span style=\"font-weight: 700;\">Desde sua funda\u00e7\u00e3o em Londres, a ELS vem<\/span>&nbsp;<span style=\"font-weight: 700;\">fornecendo servi\u00e7os de tradu\u00e7\u00e3o e interpreta\u00e7\u00e3o<\/span> para empresas, autoridades locais brit\u00e2nicas, ag\u00eancias de tradu\u00e7\u00e3o, pessoas f\u00edsicas, ag\u00eancias de publicidade, bancos de investimento e de varejo, seguradoras, provedores de dados financeiros, ag\u00eancias de classifica\u00e7\u00e3o, bolsas de valores, universidades brit\u00e2nicas e espanholas, para citar alguns dos nossos clientes finais. <br>\n          <br>\n          <a href=\"https:\/\/www.ciol.org.uk\/translator\/profile\/25962\/36\/1163\" class=\"u-active-none u-border-none u-btn u-button-link u-button-style u-hover-none u-none u-text-palette-1-base u-btn-1\" target=\"_blank\">Como s\u00f3cia titular do Chartered Institute of Linguists<\/a>, \u200brenomado organismo destinado a profissionais na \u00e1rea de idiomas, <span style=\"font-weight: 700;\">A<\/span>\n          <span style=\"font-weight: 700;\">rlete Moraes \u00e9 capacitada para oferecer tradu\u00e7\u00f5es certificadas no Reino Unido<\/span>. <br>\n          <br> No decorrer de sua carreira, Arlete teve a oportunidade de usar suas habilidades lingu\u00edsticas em diversas \u00e1reas de interesse. <span style=\"font-weight: 700;\">Tem s\u00f3lida experi\u00eancia profissional no setor corporativo financeiro e banc\u00e1rio<\/span>.<br>\n          <br>\n          <span style=\"font-weight: 700;\">Trabalhou como analista bil\u00edngue no centro financeiro de Londres, cobrindo os mercados de l\u00edngua portuguesa e espanhola. <\/span>\n          <br>\n          <br>\n          <span style=\"font-weight: 700;\">Viveu 12 anos na Espanha,&nbsp;<\/span>onde teve a oportunidade de colaborar como <span style=\"font-weight: 700;\">tradutora financeira<\/span>\n          <span style=\"font-weight: 700;\">&nbsp;para um dos&nbsp;<\/span>\n          <span style=\"font-weight: 700;\">principais bancos espanh\u00f3is<\/span>. <span style=\"font-weight: 700;\">Gerenciou uma equipe de tradutores para o&nbsp;<\/span>\n          <span style=\"font-weight: 700;\">Dia do Investidor em Boadilla del Monte, Madri<\/span>. <br>\n          <br>Portanto, a ELS est\u00e1 capacitada para fornecer tradu\u00e7\u00f5es profissionais. Trabalhamos com uma equipe de tradutores qualificados para que seus documentos atendam aos mais rigorosos crit\u00e9rios.&nbsp;<br>\n        <\/p>\n      <\/div>\n    <\/section>\n    <section class=\"u-clearfix u-white u-section-4\" id=\"sec-734e\">\n      <div class=\"u-clearfix u-sheet u-sheet-1\">\n        <div class=\"u-clearfix u-expanded-width u-layout-wrap u-layout-wrap-1\">\n          <div class=\"u-layout\">\n            <div class=\"u-layout-row\">\n              <div class=\"u-container-style u-layout-cell u-size-60 u-layout-cell-1\">\n                <div class=\"u-container-layout u-container-layout-1\">\n                  <h2 class=\"u-text u-text-black u-text-default u-text-1\"> Qualifica\u00e7\u00f5es<\/h2>\n                  <ul class=\"u-custom-font u-font-montserrat u-text u-text-black u-text-2\">\n                    <li> Dip TransIoLET - CIOL Diploma in Translation in English\/Portuguese (Merit), Master's Level 7 - UK<br>\n                    <\/li>\n                    <li> S\u00f3cia titular do Chartered Institute of Linguists (MCIL) - Reino Unido<\/li>\n                    <li> Gradua\u00e7\u00e3o em Tradu\u00e7\u00e3o ingl\u00eas\/portugu\u00eas pela PUC-SP - Brasil<\/li>\n                    <li> Certificado de Interpreta\u00e7\u00e3o Comunit\u00e1ria em ingl\u00eas\/portugu\u00eas (Consecutiva\/Enlace) - OCNLR - Reino Unido<\/li>\n                    <li> Certificado Cambridge de Profici\u00eancia em Ingl\u00eas (CPE) - Reino Unido<\/li>\n                    <li> Diploma de Espanhol como L\u00edngua Estrangeira (DELE) - Instituto Cervantes - Espanha<\/li>\n                    <li> Princ\u00edpios sobre Investimento em Bolsa de Valores - London Metropolitan University - Reino Unido<\/li>\n                  <\/ul>\n                <\/div>\n              <\/div>\n            <\/div>\n          <\/div>\n        <\/div>\n      <\/div>\n    <\/section>\n    <section class=\"u-align-center u-clearfix u-palette-5-light-3 u-section-5\" id=\"sec-a771\">\n      <div class=\"u-clearfix u-sheet u-sheet-1\">\n        <div class=\"u-clearfix u-expanded-width-lg u-expanded-width-xl u-gutter-0 u-layout-wrap u-layout-wrap-1\">\n          <div class=\"u-layout\" style=\"\">\n            <div class=\"u-layout-row\" style=\"\">\n              <div class=\"u-align-left u-container-style u-image u-layout-cell u-left-cell u-size-30-lg u-size-30-xl u-size-60-md u-size-60-sm u-size-60-xs u-size-xs-60 u-image-1\" src=\"\" data-image-width=\"2560\" data-image-height=\"2048\" style=\"background-image: url(&quot;https:\/\/elstranslations.co.uk\/assets\/arlete-moraes-expression-language-services-scaled-3.jpg&quot;);\">\n                <div class=\"u-container-layout u-valign-middle u-container-layout-1\" src=\"\"><\/div>\n              <\/div>\n              <div class=\"u-align-left u-container-style u-layout-cell u-right-cell u-shape-rectangle u-size-30-lg u-size-30-xl u-size-60-md u-size-60-sm u-size-60-xs u-size-xs-60 u-layout-cell-2\">\n                <div class=\"u-container-layout u-container-layout-2\">\n                  <h2 class=\"u-text u-text-black u-text-default u-text-1\"> Por que escolher a ELS?<\/h2>\n                  <p class=\"u-text u-text-default u-text-2\">\n                    <span style=\"font-weight: 700;\"> Confian\u00e7a <\/span>\n                    <br> Nossas tradu\u00e7\u00f5es s\u00e3o aceitas pelas autoridades do Reino Unido e da Espanha.<br>\n                    <br>\n                    <span style=\"font-weight: 700;\"> Perfei\u00e7\u00e3o <\/span>\n                    <br> Trabalhamos com uma ampla rede de profissionais nativos para garantir que sua mensagem seja transmitida com exatid\u00e3o.<br>\n                    <br>\n                    <span style=\"font-weight: 700;\"> Profici\u00eancia <\/span>\n                    <br> Nossos tradutores e int\u00e9rpretes s\u00e3o altamente qualificados em portugu\u00eas, espanhol e ingl\u00eas.<br>\n                    <br>\n                    <span style=\"font-weight: 700;\"> Especializa\u00e7\u00e3o <\/span>\n                    <br> N\u00f3s entendemos os jarg\u00f5es. Temos experi\u00eancia profissional nos setores em que trabalhamos.<br>\n                    <br>\n                    <span style=\"font-weight: 700;\">Foco<\/span>\n                    <br> Enfocamos os mercados que conhecemos melhor.&nbsp;<br>\n                  <\/p>\n                <\/div>\n              <\/div>\n            <\/div>\n          <\/div>\n        <\/div>\n      <\/div>\n    <\/section>\n    <section class=\"u-clearfix u-section-6\" id=\"sec-fe5c\">\n      <div class=\"u-clearfix u-sheet u-sheet-1\">\n        <h2 class=\"u-text u-text-default u-text-1\"> Associa\u00e7\u00e3o Profissional<\/h2>\n        <div class=\"u-clearfix u-layout-wrap u-layout-wrap-1\">\n          <div class=\"u-layout\">\n            <div class=\"u-layout-row\">\n              <div class=\"u-container-style u-layout-cell u-size-30 u-layout-cell-1\">\n                <div class=\"u-container-layout u-container-layout-1\">\n                  <img decoding=\"async\" class=\"u-image u-image-default u-preserve-proportions u-image-1\" src=\"https:\/\/elstranslations.co.uk\/assets\/member-banner-mcil-4.png\" alt=\"\" data-image-width=\"200\" data-image-height=\"50\" data-href=\"https:\/\/www.ciol.org.uk\/translator\/profile\/25962\/36\/1163\" data-target=\"_blank\">\n                <\/div>\n              <\/div>\n              <div class=\"u-container-style u-layout-cell u-size-30 u-layout-cell-2\">\n                <div class=\"u-container-layout u-container-layout-2\">\n                  <img decoding=\"async\" class=\"u-image u-image-default u-preserve-proportions u-image-2\" src=\"https:\/\/elstranslations.co.uk\/assets\/member-logo-mcil-150x150-4-150x150.png\" alt=\"\" data-image-width=\"150\" data-image-height=\"150\" data-href=\"https:\/\/www.ciol.org.uk\/translator\/profile\/25962\/36\/1163\" data-target=\"_blank\">\n                <\/div>\n              <\/div>\n            <\/div>\n          <\/div>\n        <\/div>\n      <\/div>\n    <\/section>\n    \n    \n  \n","protected":false},"excerpt":{"rendered":"<p>Sobre a ELS &amp; Arlete Moraes &nbsp;A ELS fornece servi\u00e7os lingu\u00edsticos&nbsp;em ingl\u00eas, portugu\u00eas e espanhol desde 2006 &nbsp; Arlete Moraes \u00e9 tradutora e int\u00e9rprete brasileira radicada na Inglaterra. Possui &nbsp;mais de 30 anos de experi\u00eancia profissional e viv\u00eancia no Reino Unido, Brasil e Espanha Arlete \u00e9&nbsp; a fundadadora da Expression Language Services Desde sua funda\u00e7\u00e3o &hellip; <a href=\"https:\/\/elstranslations.co.uk\/pt-br\/sobre\/\" class=\"more-link\">Continue reading<span class=\"screen-reader-text\"> &#8220;Sobre&#8221;<\/span><\/a><\/p>\n","protected":false},"author":1,"featured_media":0,"parent":0,"menu_order":0,"comment_status":"closed","ping_status":"closed","template":"","meta":{"footnotes":""},"class_list":["post-159","page","type-page","status-publish","hentry"],"yoast_head":"<!-- This site is optimized with the Yoast SEO plugin v27.3 - https:\/\/yoast.com\/product\/yoast-seo-wordpress\/ -->\n<title>Sobre | ELS<\/title>\n<meta name=\"description\" content=\"Servi\u00e7o de tradu\u00e7\u00e3o juramentada no Reino Unido. Tradu\u00e7\u00e3o juramentada de documentos. Tradutor juramentado brasileiro. Londres, Liverpool....\" \/>\n<meta name=\"robots\" content=\"index, follow, max-snippet:-1, max-image-preview:large, max-video-preview:-1\" \/>\n<link rel=\"canonical\" href=\"https:\/\/elstranslations.co.uk\/pt-br\/sobre\/\" \/>\n<meta property=\"og:locale\" content=\"pt_BR\" \/>\n<meta property=\"og:type\" content=\"article\" \/>\n<meta property=\"og:title\" content=\"Sobre | ELS\" \/>\n<meta property=\"og:description\" content=\"Servi\u00e7o de tradu\u00e7\u00e3o juramentada no Reino Unido. Tradu\u00e7\u00e3o juramentada de documentos. Tradutor juramentado brasileiro. Londres, Liverpool....\" \/>\n<meta property=\"og:url\" content=\"https:\/\/elstranslations.co.uk\/pt-br\/sobre\/\" \/>\n<meta property=\"og:site_name\" content=\"ELS\" \/>\n<meta property=\"article:modified_time\" content=\"2024-02-17T09:46:13+00:00\" \/>\n<meta name=\"twitter:card\" content=\"summary_large_image\" \/>\n<meta name=\"twitter:label1\" content=\"Est. tempo de leitura\" \/>\n\t<meta name=\"twitter:data1\" content=\"3 minutos\" \/>\n<script type=\"application\/ld+json\" class=\"yoast-schema-graph\">{\"@context\":\"https:\\\/\\\/schema.org\",\"@graph\":[{\"@type\":\"WebPage\",\"@id\":\"https:\\\/\\\/elstranslations.co.uk\\\/pt-br\\\/sobre\\\/\",\"url\":\"https:\\\/\\\/elstranslations.co.uk\\\/pt-br\\\/sobre\\\/\",\"name\":\"Sobre | ELS\",\"isPartOf\":{\"@id\":\"https:\\\/\\\/elstranslations.co.uk\\\/pt-br\\\/#website\"},\"datePublished\":\"2021-11-02T12:02:12+00:00\",\"dateModified\":\"2024-02-17T09:46:13+00:00\",\"description\":\"Servi\u00e7o de tradu\u00e7\u00e3o juramentada no Reino Unido. Tradu\u00e7\u00e3o juramentada de documentos. Tradutor juramentado brasileiro. Londres, Liverpool....\",\"breadcrumb\":{\"@id\":\"https:\\\/\\\/elstranslations.co.uk\\\/pt-br\\\/sobre\\\/#breadcrumb\"},\"inLanguage\":\"pt-BR\",\"potentialAction\":[{\"@type\":\"ReadAction\",\"target\":[\"https:\\\/\\\/elstranslations.co.uk\\\/pt-br\\\/sobre\\\/\"]}]},{\"@type\":\"BreadcrumbList\",\"@id\":\"https:\\\/\\\/elstranslations.co.uk\\\/pt-br\\\/sobre\\\/#breadcrumb\",\"itemListElement\":[{\"@type\":\"ListItem\",\"position\":1,\"name\":\"Home\",\"item\":\"https:\\\/\\\/elstranslations.co.uk\\\/pt-br\\\/\"},{\"@type\":\"ListItem\",\"position\":2,\"name\":\"Sobre\"}]},{\"@type\":\"WebSite\",\"@id\":\"https:\\\/\\\/elstranslations.co.uk\\\/pt-br\\\/#website\",\"url\":\"https:\\\/\\\/elstranslations.co.uk\\\/pt-br\\\/\",\"name\":\"ELS\",\"description\":\"\",\"potentialAction\":[{\"@type\":\"SearchAction\",\"target\":{\"@type\":\"EntryPoint\",\"urlTemplate\":\"https:\\\/\\\/elstranslations.co.uk\\\/pt-br\\\/?s={search_term_string}\"},\"query-input\":{\"@type\":\"PropertyValueSpecification\",\"valueRequired\":true,\"valueName\":\"search_term_string\"}}],\"inLanguage\":\"pt-BR\"}]}<\/script>\n<!-- \/ Yoast SEO plugin. -->","yoast_head_json":{"title":"Sobre | ELS","description":"Servi\u00e7o de tradu\u00e7\u00e3o juramentada no Reino Unido. Tradu\u00e7\u00e3o juramentada de documentos. Tradutor juramentado brasileiro. Londres, Liverpool....","robots":{"index":"index","follow":"follow","max-snippet":"max-snippet:-1","max-image-preview":"max-image-preview:large","max-video-preview":"max-video-preview:-1"},"canonical":"https:\/\/elstranslations.co.uk\/pt-br\/sobre\/","og_locale":"pt_BR","og_type":"article","og_title":"Sobre | ELS","og_description":"Servi\u00e7o de tradu\u00e7\u00e3o juramentada no Reino Unido. Tradu\u00e7\u00e3o juramentada de documentos. Tradutor juramentado brasileiro. Londres, Liverpool....","og_url":"https:\/\/elstranslations.co.uk\/pt-br\/sobre\/","og_site_name":"ELS","article_modified_time":"2024-02-17T09:46:13+00:00","twitter_card":"summary_large_image","twitter_misc":{"Est. tempo de leitura":"3 minutos"},"schema":{"@context":"https:\/\/schema.org","@graph":[{"@type":"WebPage","@id":"https:\/\/elstranslations.co.uk\/pt-br\/sobre\/","url":"https:\/\/elstranslations.co.uk\/pt-br\/sobre\/","name":"Sobre | ELS","isPartOf":{"@id":"https:\/\/elstranslations.co.uk\/pt-br\/#website"},"datePublished":"2021-11-02T12:02:12+00:00","dateModified":"2024-02-17T09:46:13+00:00","description":"Servi\u00e7o de tradu\u00e7\u00e3o juramentada no Reino Unido. Tradu\u00e7\u00e3o juramentada de documentos. Tradutor juramentado brasileiro. Londres, Liverpool....","breadcrumb":{"@id":"https:\/\/elstranslations.co.uk\/pt-br\/sobre\/#breadcrumb"},"inLanguage":"pt-BR","potentialAction":[{"@type":"ReadAction","target":["https:\/\/elstranslations.co.uk\/pt-br\/sobre\/"]}]},{"@type":"BreadcrumbList","@id":"https:\/\/elstranslations.co.uk\/pt-br\/sobre\/#breadcrumb","itemListElement":[{"@type":"ListItem","position":1,"name":"Home","item":"https:\/\/elstranslations.co.uk\/pt-br\/"},{"@type":"ListItem","position":2,"name":"Sobre"}]},{"@type":"WebSite","@id":"https:\/\/elstranslations.co.uk\/pt-br\/#website","url":"https:\/\/elstranslations.co.uk\/pt-br\/","name":"ELS","description":"","potentialAction":[{"@type":"SearchAction","target":{"@type":"EntryPoint","urlTemplate":"https:\/\/elstranslations.co.uk\/pt-br\/?s={search_term_string}"},"query-input":{"@type":"PropertyValueSpecification","valueRequired":true,"valueName":"search_term_string"}}],"inLanguage":"pt-BR"}]}},"_links":{"self":[{"href":"https:\/\/elstranslations.co.uk\/pt-br\/wp-json\/wp\/v2\/pages\/159","targetHints":{"allow":["GET"]}}],"collection":[{"href":"https:\/\/elstranslations.co.uk\/pt-br\/wp-json\/wp\/v2\/pages"}],"about":[{"href":"https:\/\/elstranslations.co.uk\/pt-br\/wp-json\/wp\/v2\/types\/page"}],"author":[{"embeddable":true,"href":"https:\/\/elstranslations.co.uk\/pt-br\/wp-json\/wp\/v2\/users\/1"}],"replies":[{"embeddable":true,"href":"https:\/\/elstranslations.co.uk\/pt-br\/wp-json\/wp\/v2\/comments?post=159"}],"version-history":[{"count":19,"href":"https:\/\/elstranslations.co.uk\/pt-br\/wp-json\/wp\/v2\/pages\/159\/revisions"}],"predecessor-version":[{"id":3147,"href":"https:\/\/elstranslations.co.uk\/pt-br\/wp-json\/wp\/v2\/pages\/159\/revisions\/3147"}],"wp:attachment":[{"href":"https:\/\/elstranslations.co.uk\/pt-br\/wp-json\/wp\/v2\/media?parent=159"}],"curies":[{"name":"wp","href":"https:\/\/api.w.org\/{rel}","templated":true}]}}