{"id":208,"date":"2021-11-02T13:08:23","date_gmt":"2021-11-02T13:08:23","guid":{"rendered":"https:\/\/elstranslations.co.uk\/privacy-policy\/"},"modified":"2021-11-02T15:11:12","modified_gmt":"2021-11-02T15:11:12","slug":"politica-de-privacidade","status":"publish","type":"page","link":"https:\/\/elstranslations.co.uk\/pt-br\/politica-de-privacidade\/","title":{"rendered":"Pol\u00edtica de Privacidade"},"content":{"rendered":"\n    \n    <section class=\"u-clearfix u-palette-1-base u-section-2\" id=\"sec-774c\">\n      <div class=\"u-clearfix u-sheet u-sheet-1\">\n        <h1 class=\"u-align-center u-text u-text-default u-text-1\"> Pol\u00edtica de Privacidade<\/h1>\n      <\/div>\n    <\/section>\n    <section class=\"u-clearfix u-section-3\" id=\"sec-c5d6\">\n      <div class=\"u-clearfix u-sheet u-sheet-1\">\n        <h2 class=\"u-text u-text-body-color u-text-default u-text-1\">Expression Language Services \u2013 ELS <\/h2>\n        <p class=\"u-text u-text-2\"> EXPRESSION LANGUAGE SERVICES \u2013 ELS \u00e9 o nome comercial da ARLETE MORAES.&nbsp;Temos o compromisso de manter a confian\u00e7a dos visitantes do nosso website, bem como dos nossos clientes, colaboradores e fornecedores. Esta Pol\u00edtica de Privacidade descreve quando, o que e por que coletamos dados pessoais, como os utilizamos, as condi\u00e7\u00f5es limitadas em que podemos divulg\u00e1-los a terceiros e como os mantemos seguros.&nbsp;<br>\n        <\/p>\n        <h2 class=\"u-text u-text-body-color u-text-default u-text-3\"> Cookies<\/h2>\n        <p class=\"u-text u-text-4\"> Como a maioria dos websites, este website tamb\u00e9m usa cookies para coletar dados. Os cookies s\u00e3o pequenos arquivos de dados que s\u00e3o colocados no seu computador (PCs, smartphones ou tablets) enquanto voc\u00ea navega. Eles s\u00e3o usados para lembrar quando seu computador ou dispositivo acessa este website, ajudando a funcionar corretamente e a melhorar sua experi\u00eancia de usu\u00e1rio. Os dados coletados incluem as p\u00e1ginas visualizadas e sua viagem pelo site. Estes cookies n\u00e3o s\u00e3o usados para coletar ou registrar dados sobre seu nome, endere\u00e7o ou outros dados de contato. Voc\u00ea pode desativar o uso de cookies alterando as configura\u00e7\u00f5es do seu navegador para rejeit\u00e1-los.<\/p>\n        <h2 class=\"u-text u-text-body-color u-text-default u-text-5\"> Funcionalidades das m\u00eddias sociais<\/h2>\n        <p class=\"u-text u-text-6\"> Este site tamb\u00e9m inclui recursos de m\u00eddia social, tais como bot\u00f5es para compartilhar informa\u00e7\u00f5es ou \"curtir\". Estas caracter\u00edsticas s\u00e3o disponibilizadas pelas pr\u00f3prias plataformas de m\u00eddia social de terceiros. Quando e se os dados forem coletados dessa forma, seu processamento ser\u00e1 regido pela pol\u00edtica de privacidade da respectiva plataforma de m\u00eddia social.<\/p>\n      <\/div>\n    <\/section>\n    <section class=\"u-clearfix u-section-4\" id=\"sec-453e\">\n      <div class=\"u-clearfix u-sheet u-sheet-1\">\n        <h2 class=\"u-text u-text-body-color u-text-default u-text-1\"> Por que processamos seus dados pessoais?<\/h2>\n        <p class=\"u-text u-text-2\"> Coletamos, armazenamos e utilizamos seus dados pessoais para fornecer nossos servi\u00e7os. Especificamente, seus dados podem ser utilizados para os seguintes prop\u00f3sitos:&nbsp;<br>\n        <\/p>\n        <ul class=\"u-text u-text-3\">\n          <li> Para dar uma cota\u00e7\u00e3o;<\/li>\n          <li>Para fornecer servi\u00e7os de tradu\u00e7\u00e3o e\/ou interpreta\u00e7\u00e3o\ne\/ou outros servi\u00e7os lingu\u00edsticos que voc\u00ea solicitar;<\/li>\n          <li>Para manter registros internos;<\/li>\n          <li>Para entrar em contato com voc\u00ea para responder a uma\nconsulta espec\u00edfica;<\/li>\n          <li>Para emitir faturas;<\/li>\n          <li>Para cumprir os requisitos legais.<\/li>\n        <\/ul>\n        <p class=\"u-text u-text-4\"> Os dados pessoais coletados podem incluir:<\/p>\n        <ul class=\"u-text u-text-5\">\n          <li> Seu nome, endere\u00e7o postal e cargo;<\/li>\n          <li>Seus dados de contato, tais como endere\u00e7o de e-mail e n\u00famero de telefone;<\/li>\n          <li>Quaisquer outros dados que voc\u00ea fornecer nos documentos.<\/li>\n        <\/ul>\n      <\/div>\n    <\/section>\n    <section class=\"u-clearfix u-section-5\" id=\"sec-aa47\">\n      <div class=\"u-clearfix u-sheet u-sheet-1\">\n        <h2 class=\"u-text u-text-body-color u-text-default u-text-1\"> Quem mais recebe seus dados pessoais?<\/h2>\n        <p class=\"u-text u-text-2\"> Se enviarmos um texto para tradu\u00e7\u00e3o, revis\u00e3o ou edi\u00e7\u00e3o a um colaborador terceirizado, este ter\u00e1 que assinar um contrato de n\u00e3o divulga\u00e7\u00e3o com a EXPRESSION LANGUAGE SERVICES \u2013 ELS e estar em conformidade com a GDPR. <br>Para fins administrativos, outras partes poder\u00e3o ter acesso a seus dados pessoais, incluindo nosso website e servi\u00e7os de hospedagem de e-mail. Todas estas partes est\u00e3o em conformidade com a GDPR.&nbsp;<br>\n        <\/p>\n        <h2 class=\"u-text u-text-body-color u-text-default u-text-3\"> Seus direitos de acesso aos dados <\/h2>\n        <p class=\"u-text u-text-4\"> Voc\u00ea tem o direito de ver, alterar ou eliminar os dados pessoais que mantemos. Envie sua solicita\u00e7\u00e3o diretamente por e-mail, e tomaremos as devidas provid\u00eancias o mais r\u00e1pido poss\u00edvel.<\/p>\n        <h2 class=\"u-text u-text-body-color u-text-default u-text-5\"> Seu direito de fazer reclama\u00e7\u00f5es<\/h2>\n        <p class=\"u-text u-text-6\"> Se tiver alguma d\u00favida sobre como processamos seus dados pessoais, entre em contato conosco.<\/p>\n      <\/div>\n    <\/section>\n    \n    \n  \n","protected":false},"excerpt":{"rendered":"<p>Pol\u00edtica de Privacidade Expression Language Services \u2013 ELS EXPRESSION LANGUAGE SERVICES \u2013 ELS \u00e9 o nome comercial da ARLETE MORAES.&nbsp;Temos o compromisso de manter a confian\u00e7a dos visitantes do nosso website, bem como dos nossos clientes, colaboradores e fornecedores. Esta Pol\u00edtica de Privacidade descreve quando, o que e por que coletamos dados pessoais, como os &hellip; <a href=\"https:\/\/elstranslations.co.uk\/pt-br\/politica-de-privacidade\/\" class=\"more-link\">Continue reading<span class=\"screen-reader-text\"> &#8220;Pol\u00edtica de Privacidade&#8221;<\/span><\/a><\/p>\n","protected":false},"author":1,"featured_media":0,"parent":0,"menu_order":0,"comment_status":"closed","ping_status":"closed","template":"","meta":{"footnotes":""},"class_list":["post-208","page","type-page","status-publish","hentry"],"yoast_head":"<!-- This site is optimized with the Yoast SEO plugin v27.3 - https:\/\/yoast.com\/product\/yoast-seo-wordpress\/ -->\n<title>Pol\u00edtica de Privacidade | ELS<\/title>\n<meta name=\"robots\" content=\"index, follow, max-snippet:-1, max-image-preview:large, max-video-preview:-1\" \/>\n<link rel=\"canonical\" href=\"https:\/\/elstranslations.co.uk\/pt-br\/politica-de-privacidade\/\" \/>\n<meta property=\"og:locale\" content=\"pt_BR\" \/>\n<meta property=\"og:type\" content=\"article\" \/>\n<meta property=\"og:title\" content=\"Pol\u00edtica de Privacidade | ELS\" \/>\n<meta property=\"og:description\" content=\"Pol\u00edtica de Privacidade Expression Language Services \u2013 ELS EXPRESSION LANGUAGE SERVICES \u2013 ELS \u00e9 o nome comercial da ARLETE MORAES.&nbsp;Temos o compromisso de manter a confian\u00e7a dos visitantes do nosso website, bem como dos nossos clientes, colaboradores e fornecedores. Esta Pol\u00edtica de Privacidade descreve quando, o que e por que coletamos dados pessoais, como os &hellip; Continue reading &quot;Pol\u00edtica de Privacidade&quot;\" \/>\n<meta property=\"og:url\" content=\"https:\/\/elstranslations.co.uk\/pt-br\/politica-de-privacidade\/\" \/>\n<meta property=\"og:site_name\" content=\"ELS\" \/>\n<meta property=\"article:modified_time\" content=\"2021-11-02T15:11:12+00:00\" \/>\n<meta name=\"twitter:card\" content=\"summary_large_image\" \/>\n<meta name=\"twitter:label1\" content=\"Est. tempo de leitura\" \/>\n\t<meta name=\"twitter:data1\" content=\"3 minutos\" \/>\n<script type=\"application\/ld+json\" class=\"yoast-schema-graph\">{\"@context\":\"https:\\\/\\\/schema.org\",\"@graph\":[{\"@type\":\"WebPage\",\"@id\":\"https:\\\/\\\/elstranslations.co.uk\\\/pt-br\\\/politica-de-privacidade\\\/\",\"url\":\"https:\\\/\\\/elstranslations.co.uk\\\/pt-br\\\/politica-de-privacidade\\\/\",\"name\":\"Pol\u00edtica de Privacidade | ELS\",\"isPartOf\":{\"@id\":\"https:\\\/\\\/elstranslations.co.uk\\\/pt-br\\\/#website\"},\"datePublished\":\"2021-11-02T13:08:23+00:00\",\"dateModified\":\"2021-11-02T15:11:12+00:00\",\"breadcrumb\":{\"@id\":\"https:\\\/\\\/elstranslations.co.uk\\\/pt-br\\\/politica-de-privacidade\\\/#breadcrumb\"},\"inLanguage\":\"pt-BR\",\"potentialAction\":[{\"@type\":\"ReadAction\",\"target\":[\"https:\\\/\\\/elstranslations.co.uk\\\/pt-br\\\/politica-de-privacidade\\\/\"]}]},{\"@type\":\"BreadcrumbList\",\"@id\":\"https:\\\/\\\/elstranslations.co.uk\\\/pt-br\\\/politica-de-privacidade\\\/#breadcrumb\",\"itemListElement\":[{\"@type\":\"ListItem\",\"position\":1,\"name\":\"Home\",\"item\":\"https:\\\/\\\/elstranslations.co.uk\\\/pt-br\\\/\"},{\"@type\":\"ListItem\",\"position\":2,\"name\":\"Pol\u00edtica de Privacidade\"}]},{\"@type\":\"WebSite\",\"@id\":\"https:\\\/\\\/elstranslations.co.uk\\\/pt-br\\\/#website\",\"url\":\"https:\\\/\\\/elstranslations.co.uk\\\/pt-br\\\/\",\"name\":\"ELS\",\"description\":\"\",\"potentialAction\":[{\"@type\":\"SearchAction\",\"target\":{\"@type\":\"EntryPoint\",\"urlTemplate\":\"https:\\\/\\\/elstranslations.co.uk\\\/pt-br\\\/?s={search_term_string}\"},\"query-input\":{\"@type\":\"PropertyValueSpecification\",\"valueRequired\":true,\"valueName\":\"search_term_string\"}}],\"inLanguage\":\"pt-BR\"}]}<\/script>\n<!-- \/ Yoast SEO plugin. -->","yoast_head_json":{"title":"Pol\u00edtica de Privacidade | ELS","robots":{"index":"index","follow":"follow","max-snippet":"max-snippet:-1","max-image-preview":"max-image-preview:large","max-video-preview":"max-video-preview:-1"},"canonical":"https:\/\/elstranslations.co.uk\/pt-br\/politica-de-privacidade\/","og_locale":"pt_BR","og_type":"article","og_title":"Pol\u00edtica de Privacidade | ELS","og_description":"Pol\u00edtica de Privacidade Expression Language Services \u2013 ELS EXPRESSION LANGUAGE SERVICES \u2013 ELS \u00e9 o nome comercial da ARLETE MORAES.&nbsp;Temos o compromisso de manter a confian\u00e7a dos visitantes do nosso website, bem como dos nossos clientes, colaboradores e fornecedores. Esta Pol\u00edtica de Privacidade descreve quando, o que e por que coletamos dados pessoais, como os &hellip; Continue reading \"Pol\u00edtica de Privacidade\"","og_url":"https:\/\/elstranslations.co.uk\/pt-br\/politica-de-privacidade\/","og_site_name":"ELS","article_modified_time":"2021-11-02T15:11:12+00:00","twitter_card":"summary_large_image","twitter_misc":{"Est. tempo de leitura":"3 minutos"},"schema":{"@context":"https:\/\/schema.org","@graph":[{"@type":"WebPage","@id":"https:\/\/elstranslations.co.uk\/pt-br\/politica-de-privacidade\/","url":"https:\/\/elstranslations.co.uk\/pt-br\/politica-de-privacidade\/","name":"Pol\u00edtica de Privacidade | ELS","isPartOf":{"@id":"https:\/\/elstranslations.co.uk\/pt-br\/#website"},"datePublished":"2021-11-02T13:08:23+00:00","dateModified":"2021-11-02T15:11:12+00:00","breadcrumb":{"@id":"https:\/\/elstranslations.co.uk\/pt-br\/politica-de-privacidade\/#breadcrumb"},"inLanguage":"pt-BR","potentialAction":[{"@type":"ReadAction","target":["https:\/\/elstranslations.co.uk\/pt-br\/politica-de-privacidade\/"]}]},{"@type":"BreadcrumbList","@id":"https:\/\/elstranslations.co.uk\/pt-br\/politica-de-privacidade\/#breadcrumb","itemListElement":[{"@type":"ListItem","position":1,"name":"Home","item":"https:\/\/elstranslations.co.uk\/pt-br\/"},{"@type":"ListItem","position":2,"name":"Pol\u00edtica de Privacidade"}]},{"@type":"WebSite","@id":"https:\/\/elstranslations.co.uk\/pt-br\/#website","url":"https:\/\/elstranslations.co.uk\/pt-br\/","name":"ELS","description":"","potentialAction":[{"@type":"SearchAction","target":{"@type":"EntryPoint","urlTemplate":"https:\/\/elstranslations.co.uk\/pt-br\/?s={search_term_string}"},"query-input":{"@type":"PropertyValueSpecification","valueRequired":true,"valueName":"search_term_string"}}],"inLanguage":"pt-BR"}]}},"_links":{"self":[{"href":"https:\/\/elstranslations.co.uk\/pt-br\/wp-json\/wp\/v2\/pages\/208","targetHints":{"allow":["GET"]}}],"collection":[{"href":"https:\/\/elstranslations.co.uk\/pt-br\/wp-json\/wp\/v2\/pages"}],"about":[{"href":"https:\/\/elstranslations.co.uk\/pt-br\/wp-json\/wp\/v2\/types\/page"}],"author":[{"embeddable":true,"href":"https:\/\/elstranslations.co.uk\/pt-br\/wp-json\/wp\/v2\/users\/1"}],"replies":[{"embeddable":true,"href":"https:\/\/elstranslations.co.uk\/pt-br\/wp-json\/wp\/v2\/comments?post=208"}],"version-history":[{"count":6,"href":"https:\/\/elstranslations.co.uk\/pt-br\/wp-json\/wp\/v2\/pages\/208\/revisions"}],"predecessor-version":[{"id":255,"href":"https:\/\/elstranslations.co.uk\/pt-br\/wp-json\/wp\/v2\/pages\/208\/revisions\/255"}],"wp:attachment":[{"href":"https:\/\/elstranslations.co.uk\/pt-br\/wp-json\/wp\/v2\/media?parent=208"}],"curies":[{"name":"wp","href":"https:\/\/api.w.org\/{rel}","templated":true}]}}