{"id":268,"date":"2021-11-02T13:07:59","date_gmt":"2021-11-02T13:07:59","guid":{"rendered":"https:\/\/elstranslations.co.uk\/contact\/"},"modified":"2025-04-11T18:20:06","modified_gmt":"2025-04-11T17:20:06","slug":"contato","status":"publish","type":"page","link":"https:\/\/elstranslations.co.uk\/pt-br\/contato\/","title":{"rendered":"Contato"},"content":{"rendered":"\n    \n    <section class=\"u-clearfix u-palette-1-base u-section-2\" id=\"sec-5c99\">\n      <div class=\"u-clearfix u-sheet u-valign-middle u-sheet-1\">\n        <div class=\"data-layout-selected u-clearfix u-expanded-width u-layout-wrap u-layout-wrap-1\">\n          <div class=\"u-layout\">\n            <div class=\"u-layout-row\">\n              <div class=\"u-size-27-lg u-size-27-md u-size-27-sm u-size-27-xs u-size-30-xl\">\n                <div class=\"u-layout-col\">\n                  <div class=\"u-container-style u-layout-cell u-left-cell u-size-60 u-layout-cell-1\">\n                    <div class=\"u-container-layout u-container-layout-1\">\n                      <h1 class=\"u-text u-text-1\"> Fale com a gente!<\/h1>\n                      <p class=\"u-text u-text-2\">Estamos na Inglaterra, Reino Unido<br>\n                      <\/p>\n                      <p class=\"u-text u-text-3\"> Telefone \/ Whatsapp:<\/p>\n                      <p class=\"u-text u-text-4\">\n                        <a class=\"u-active-none u-border-none u-btn u-button-link u-button-style u-hover-none u-none u-text-body-alt-color u-btn-1\" href=\"tel:\"> &nbsp; <span class=\"u-file-icon u-icon u-icon-1 u-icon-1\" data-href=\"tel:+447453753717\"><img decoding=\"async\" src=\"https:\/\/elstranslations.co.uk\/assets\/3938041.png\" alt=\"\"><\/span> &nbsp;&nbsp; +44 7453 753 717 \n                        <\/a>\n                      <\/p>\n                    <\/div>\n                  <\/div>\n                <\/div>\n              <\/div>\n              <div class=\"u-size-30-xl u-size-33-lg u-size-33-md u-size-33-sm u-size-33-xs\">\n                <div class=\"u-layout-col\">\n                  <div class=\"u-container-style u-layout-cell u-right-cell u-size-30 u-layout-cell-2\">\n                    <div class=\"u-container-layout u-container-layout-2\">\n                      <p class=\"u-text u-text-default u-text-5\"> Para solicitar um or\u00e7amento ou informa\u00e7\u00f5es, preencha o formul\u00e1rio abaixo ou envie um Whatsapp e retornaremos em breve.<\/p>\n                    <\/div>\n                  <\/div>\n                  <div class=\"u-container-style u-layout-cell u-right-cell u-size-30 u-layout-cell-3\">\n                    <div class=\"u-container-layout u-container-layout-3\">\n                      <div class=\"u-form u-form-1\">\n                                <script>\n            function onSuccess(event) {\n                if (typeof window.serviceRequest !== 'undefined') {\n                    window.serviceRequest(jQuery(this).find('form'));\n                }\n                var msgContainer = jQuery(event.currentTarget).find('.wpcf7-response-output');\n                msgContainer.removeClass('u-form-send-error').addClass('u-form-send-message u-form-send-success');\n                msgContainer.show();\n                var redirectAddress = jQuery(event.currentTarget).find('[redirect-address]').attr('redirect-address');\n                if (redirectAddress) {\n                    setTimeout(function () {\n                        location.replace(redirectAddress);\n                    }, 2000);\n                }\n            }\n            function onError(event) {\n                var msgContainer = jQuery(event.currentTarget).find('.wpcf7-response-output');\n                msgContainer.removeClass('u-form-send-success').addClass('u-form-send-message u-form-send-error');\n                msgContainer.show();\n            }\n\n            jQuery('body')\n                .on('wpcf7mailsent',   '.u-form .wpcf7', onSuccess)\n                .on('wpcf7invalid',    '.u-form .wpcf7', onError)\n                .on('wpcf7:unaccepted', '.u-form .wpcf7', onError)\n                .on('wpcf7spam',       '.u-form .wpcf7', onError)\n                .on('wpcf7:aborted',    '.u-form .wpcf7', onError)\n                .on('wpcf7mailfailed', '.u-form .wpcf7', onError);\n        <\/script>\n        <style>\n            .u-form .wpcf7-response-output {\n                \/*position: relative !important;*\/\n                margin: 0 !important;\n                bottom: -70px!important;\n            }\n            .u-form .wpcf7 .ajax-loader {\n                margin-left: -24px;\n                margin-right: 0;\n            }\n        <\/style>\n\n<div class=\"wpcf7 no-js\" id=\"wpcf7-f261-o1\" lang=\"en-US\" dir=\"ltr\" data-wpcf7-id=\"261\">\n<div class=\"screen-reader-response\"><p role=\"status\" aria-live=\"polite\" aria-atomic=\"true\"><\/p> <ul><\/ul><\/div>\n<form style=\"padding: 10px\" action=\"\/pt-br\/wp-json\/wp\/v2\/pages\/268#wpcf7-f261-o1\" method=\"post\" class=\"wpcf7-form init u-clearfix u-form-spacing-10 u-form-vertical u-inner-form u-form-custom-backend\" aria-label=\"Formul\u00e1rios de contato\" novalidate=\"novalidate\" data-status=\"init\">\n<fieldset class=\"hidden-fields-container\"><input type=\"hidden\" name=\"_wpcf7\" value=\"261\" \/><input type=\"hidden\" name=\"_wpcf7_version\" value=\"6.1.5\" \/><input type=\"hidden\" name=\"_wpcf7_locale\" value=\"en_US\" \/><input type=\"hidden\" name=\"_wpcf7_unit_tag\" value=\"wpcf7-f261-o1\" \/><input type=\"hidden\" name=\"_wpcf7_container_post\" value=\"0\" \/><input type=\"hidden\" name=\"_wpcf7_posted_data_hash\" value=\"\" \/>\n<\/fieldset>\n\n                          <div class=\"u-form-group wpcf7-form-control-wrap u-form-name\">\n                            <label for=\"name-e2a4\" class=\"u-form-control-hidden u-label\">Name<\/label>\n                            <input type=\"text\" placeholder=\"Entre seu nome (obrigat\u00f3rio)\" id=\"name-e2a4\" name=\"name1\" class=\"u-input wpcf7-form-control u-input-rectangle\" required=\"\">\n                          <\/div>\n                          <div class=\"u-form-email u-form-group wpcf7-form-control-wrap\">\n                            <label for=\"email-e2a4\" class=\"u-form-control-hidden u-label\">Email<\/label>\n                            <input type=\"email\" placeholder=\"Entre seu endere\u00e7o de e-mail (obrigat\u00f3rio)\" id=\"email-e2a4\" name=\"email\" class=\"u-input wpcf7-form-control u-input-rectangle\" required=\"\">\n                          <\/div>\n                          <div class=\"u-form-group wpcf7-form-control-wrap u-form-message\">\n                            <label for=\"message-e2a4\" class=\"u-form-control-hidden u-label\">Message<\/label>\n                            <textarea placeholder=\"Entre sua mensagem (obrigat\u00f3rio)\" rows=\"4\" cols=\"50\" id=\"message-e2a4\" name=\"message\" class=\"u-input wpcf7-form-control u-input-rectangle\" required=\"\"><\/textarea>\n                          <\/div>\n                          <div class=\"u-form-group wpcf7-form-control-wrap u-form-submit wpcf7-form-control\">\n                            <a href=\"#\" class=\"u-border-none u-btn u-btn-submit wpcf7-submit u-button-style u-palette-5-light-2 u-radius-50 u-text-palette-1-base u-btn-2\">Enviar<\/a>\n                            <input type=\"submit\" value=\"submit\" class=\"u-form-control-hidden\">\n                          <\/div>\n                          <div class=\"u-form-send-message u-form-send-success\"> Thank you! Your message has been sent. <\/div>\n                          <div class=\"u-form-send-error u-form-send-message\"> Unable to send your message. Please fix errors then try again. <\/div>\n                          <input type=\"hidden\" value=\"\" name=\"recaptchaResponse\">\n                        <input type=\"hidden\" name=\"_contact7_backend\" value=\"1\"><div class=\"wpcf7-response-output\" aria-hidden=\"true\"><\/div>\n<\/form>\n<\/div>\n\n                      <\/div>\n                    <\/div>\n                  <\/div>\n                <\/div>\n              <\/div>\n            <\/div>\n          <\/div>\n        <\/div>\n      <\/div>\n    <\/section>\n    <section class=\"u-clearfix u-section-3\" id=\"sec-ea65\">\n      <div class=\"u-clearfix u-sheet u-sheet-1\"><\/div>\n    <\/section>\n    \n    \n    \n  \n","protected":false},"excerpt":{"rendered":"<p>Fale com a gente! Estamos na Inglaterra, Reino Unido Telefone \/ Whatsapp: &nbsp; &nbsp;&nbsp; +44 7453 753 717 Para solicitar um or\u00e7amento ou informa\u00e7\u00f5es, preencha o formul\u00e1rio abaixo ou envie um Whatsapp e retornaremos em breve. Name Email Message Enviar Thank you! Your message has been sent. Unable to send your message. Please fix errors &hellip; <a href=\"https:\/\/elstranslations.co.uk\/pt-br\/contato\/\" class=\"more-link\">Continue reading<span class=\"screen-reader-text\"> &#8220;Contato&#8221;<\/span><\/a><\/p>\n","protected":false},"author":1,"featured_media":0,"parent":0,"menu_order":0,"comment_status":"closed","ping_status":"closed","template":"","meta":{"footnotes":""},"class_list":["post-268","page","type-page","status-publish","hentry"],"yoast_head":"<!-- This site is optimized with the Yoast SEO plugin v27.3 - https:\/\/yoast.com\/product\/yoast-seo-wordpress\/ -->\n<title>Contato | ELS<\/title>\n<meta name=\"robots\" content=\"index, follow, max-snippet:-1, max-image-preview:large, max-video-preview:-1\" \/>\n<link rel=\"canonical\" href=\"https:\/\/elstranslations.co.uk\/pt-br\/contato\/\" \/>\n<meta property=\"og:locale\" content=\"pt_BR\" \/>\n<meta property=\"og:type\" content=\"article\" \/>\n<meta property=\"og:title\" content=\"Contato | ELS\" \/>\n<meta property=\"og:description\" content=\"Fale com a gente! Estamos na Inglaterra, Reino Unido Telefone \/ Whatsapp: &nbsp; &nbsp;&nbsp; +44 7453 753 717 Para solicitar um or\u00e7amento ou informa\u00e7\u00f5es, preencha o formul\u00e1rio abaixo ou envie um Whatsapp e retornaremos em breve. Name Email Message Enviar Thank you! Your message has been sent. Unable to send your message. Please fix errors &hellip; Continue reading &quot;Contato&quot;\" \/>\n<meta property=\"og:url\" content=\"https:\/\/elstranslations.co.uk\/pt-br\/contato\/\" \/>\n<meta property=\"og:site_name\" content=\"ELS\" \/>\n<meta property=\"article:modified_time\" content=\"2025-04-11T17:20:06+00:00\" \/>\n<meta name=\"twitter:card\" content=\"summary_large_image\" \/>\n<script type=\"application\/ld+json\" class=\"yoast-schema-graph\">{\"@context\":\"https:\\\/\\\/schema.org\",\"@graph\":[{\"@type\":\"WebPage\",\"@id\":\"https:\\\/\\\/elstranslations.co.uk\\\/pt-br\\\/contato\\\/\",\"url\":\"https:\\\/\\\/elstranslations.co.uk\\\/pt-br\\\/contato\\\/\",\"name\":\"Contato | ELS\",\"isPartOf\":{\"@id\":\"https:\\\/\\\/elstranslations.co.uk\\\/pt-br\\\/#website\"},\"datePublished\":\"2021-11-02T13:07:59+00:00\",\"dateModified\":\"2025-04-11T17:20:06+00:00\",\"breadcrumb\":{\"@id\":\"https:\\\/\\\/elstranslations.co.uk\\\/pt-br\\\/contato\\\/#breadcrumb\"},\"inLanguage\":\"pt-BR\",\"potentialAction\":[{\"@type\":\"ReadAction\",\"target\":[\"https:\\\/\\\/elstranslations.co.uk\\\/pt-br\\\/contato\\\/\"]}]},{\"@type\":\"BreadcrumbList\",\"@id\":\"https:\\\/\\\/elstranslations.co.uk\\\/pt-br\\\/contato\\\/#breadcrumb\",\"itemListElement\":[{\"@type\":\"ListItem\",\"position\":1,\"name\":\"Home\",\"item\":\"https:\\\/\\\/elstranslations.co.uk\\\/pt-br\\\/\"},{\"@type\":\"ListItem\",\"position\":2,\"name\":\"Contato\"}]},{\"@type\":\"WebSite\",\"@id\":\"https:\\\/\\\/elstranslations.co.uk\\\/pt-br\\\/#website\",\"url\":\"https:\\\/\\\/elstranslations.co.uk\\\/pt-br\\\/\",\"name\":\"ELS\",\"description\":\"\",\"potentialAction\":[{\"@type\":\"SearchAction\",\"target\":{\"@type\":\"EntryPoint\",\"urlTemplate\":\"https:\\\/\\\/elstranslations.co.uk\\\/pt-br\\\/?s={search_term_string}\"},\"query-input\":{\"@type\":\"PropertyValueSpecification\",\"valueRequired\":true,\"valueName\":\"search_term_string\"}}],\"inLanguage\":\"pt-BR\"}]}<\/script>\n<!-- \/ Yoast SEO plugin. -->","yoast_head_json":{"title":"Contato | ELS","robots":{"index":"index","follow":"follow","max-snippet":"max-snippet:-1","max-image-preview":"max-image-preview:large","max-video-preview":"max-video-preview:-1"},"canonical":"https:\/\/elstranslations.co.uk\/pt-br\/contato\/","og_locale":"pt_BR","og_type":"article","og_title":"Contato | ELS","og_description":"Fale com a gente! Estamos na Inglaterra, Reino Unido Telefone \/ Whatsapp: &nbsp; &nbsp;&nbsp; +44 7453 753 717 Para solicitar um or\u00e7amento ou informa\u00e7\u00f5es, preencha o formul\u00e1rio abaixo ou envie um Whatsapp e retornaremos em breve. Name Email Message Enviar Thank you! Your message has been sent. Unable to send your message. Please fix errors &hellip; Continue reading \"Contato\"","og_url":"https:\/\/elstranslations.co.uk\/pt-br\/contato\/","og_site_name":"ELS","article_modified_time":"2025-04-11T17:20:06+00:00","twitter_card":"summary_large_image","schema":{"@context":"https:\/\/schema.org","@graph":[{"@type":"WebPage","@id":"https:\/\/elstranslations.co.uk\/pt-br\/contato\/","url":"https:\/\/elstranslations.co.uk\/pt-br\/contato\/","name":"Contato | ELS","isPartOf":{"@id":"https:\/\/elstranslations.co.uk\/pt-br\/#website"},"datePublished":"2021-11-02T13:07:59+00:00","dateModified":"2025-04-11T17:20:06+00:00","breadcrumb":{"@id":"https:\/\/elstranslations.co.uk\/pt-br\/contato\/#breadcrumb"},"inLanguage":"pt-BR","potentialAction":[{"@type":"ReadAction","target":["https:\/\/elstranslations.co.uk\/pt-br\/contato\/"]}]},{"@type":"BreadcrumbList","@id":"https:\/\/elstranslations.co.uk\/pt-br\/contato\/#breadcrumb","itemListElement":[{"@type":"ListItem","position":1,"name":"Home","item":"https:\/\/elstranslations.co.uk\/pt-br\/"},{"@type":"ListItem","position":2,"name":"Contato"}]},{"@type":"WebSite","@id":"https:\/\/elstranslations.co.uk\/pt-br\/#website","url":"https:\/\/elstranslations.co.uk\/pt-br\/","name":"ELS","description":"","potentialAction":[{"@type":"SearchAction","target":{"@type":"EntryPoint","urlTemplate":"https:\/\/elstranslations.co.uk\/pt-br\/?s={search_term_string}"},"query-input":{"@type":"PropertyValueSpecification","valueRequired":true,"valueName":"search_term_string"}}],"inLanguage":"pt-BR"}]}},"_links":{"self":[{"href":"https:\/\/elstranslations.co.uk\/pt-br\/wp-json\/wp\/v2\/pages\/268","targetHints":{"allow":["GET"]}}],"collection":[{"href":"https:\/\/elstranslations.co.uk\/pt-br\/wp-json\/wp\/v2\/pages"}],"about":[{"href":"https:\/\/elstranslations.co.uk\/pt-br\/wp-json\/wp\/v2\/types\/page"}],"author":[{"embeddable":true,"href":"https:\/\/elstranslations.co.uk\/pt-br\/wp-json\/wp\/v2\/users\/1"}],"replies":[{"embeddable":true,"href":"https:\/\/elstranslations.co.uk\/pt-br\/wp-json\/wp\/v2\/comments?post=268"}],"version-history":[{"count":8,"href":"https:\/\/elstranslations.co.uk\/pt-br\/wp-json\/wp\/v2\/pages\/268\/revisions"}],"predecessor-version":[{"id":4701,"href":"https:\/\/elstranslations.co.uk\/pt-br\/wp-json\/wp\/v2\/pages\/268\/revisions\/4701"}],"wp:attachment":[{"href":"https:\/\/elstranslations.co.uk\/pt-br\/wp-json\/wp\/v2\/media?parent=268"}],"curies":[{"name":"wp","href":"https:\/\/api.w.org\/{rel}","templated":true}]}}